{"id":10094,"date":"2024-11-24T17:37:06","date_gmt":"2024-11-24T17:37:06","guid":{"rendered":"https:\/\/vetasapiens.com\/sekretesspolicy\/"},"modified":"2026-04-15T13:53:03","modified_gmt":"2026-04-15T13:53:03","slug":"sekretesspolicy","status":"publish","type":"page","link":"https:\/\/vetasapiens.com\/sv\/sekretesspolicy\/","title":{"rendered":"Sekretesspolicy"},"content":{"rendered":"\t\t<div data-elementor-type=\"wp-page\" data-elementor-id=\"10094\" class=\"elementor elementor-10094 elementor-8745\" data-elementor-post-type=\"page\">\n\t\t\t\t<div class=\"elementor-element elementor-element-125d826a e-flex e-con-boxed e-con e-parent\" data-id=\"125d826a\" data-element_type=\"container\" data-e-type=\"container\">\n\t\t\t\t\t<div class=\"e-con-inner\">\n\t\t\t\t<div class=\"elementor-element elementor-element-7582b498 elementor-widget elementor-widget-text-editor\" data-id=\"7582b498\" data-element_type=\"widget\" data-e-type=\"widget\" data-widget_type=\"text-editor.default\">\n\t\t\t\t<div class=\"elementor-widget-container\">\n\t\t\t\t\t\t\t\t\t<h3><strong>Sekretesspolicy f\u00f6r vetasapiens.com<\/strong><\/h3><p>Denna sida samlar in vissa personuppgifter fr\u00e5n sina anv\u00e4ndare.<\/p><p><strong>Personuppgifter som behandlas f\u00f6r f\u00f6ljande \u00e4ndam\u00e5l och anv\u00e4nder f\u00f6ljande tj\u00e4nster:<\/strong><\/p><p> <\/p><h5><span style=\"text-decoration: underline;\"><strong>Analyser<\/strong><\/span><\/h5><p>Google Analytics 4<\/p><p><strong>Personlig data:<br><\/strong><\/p><ul><li>Antal anv\u00e4ndare; sessionsstatistik; Sp\u00e5rare; Anv\u00e4ndningsdata<\/li><li>Visa inneh\u00e5ll fr\u00e5n externa plattformar<\/li><\/ul><p> <\/p><h5><strong><span style=\"text-decoration: underline;\">Google Fonts<\/span><\/strong><\/h5><p><strong>Personlig data<\/strong>: Sp\u00e5rare; Anv\u00e4ndningsdata<\/p><p>Kontakta anv\u00e4ndaren<\/p><p>E-postlista eller nyhetsbrev<\/p><p>Personuppgifter: e-postadress; Sp\u00e5rare; Anv\u00e4ndningsdata.<\/p><p> <\/p><h5><span style=\"text-decoration: underline;\"><strong>Tagghantering<\/strong><\/span><\/h5><p>Google Tag Manager<\/p><p>Personlig data: Sp\u00e5rare; Anv\u00e4ndningsdata<\/p><p> <\/p><h5><strong>Kontaktinformation<\/strong><\/h5><p><strong>\u00c4gare och datakontrollant<\/strong><\/p><p>GPBM Nordic AB, S\u00f6rredsv\u00e4gen 113, 418 78 G\u00f6teborg, Sverige<\/p><p>Kontaktuppgifter f\u00f6retags\u00e4gare: gunnar.axelsson@gpbmnordic.se<\/p>\t\t\t\t\t\t\t\t<\/div>\n\t\t\t\t<\/div>\n\t\t\t\t\t<\/div>\n\t\t\t\t<\/div>\n\t\t\t\t<\/div>\n\t\t","protected":false},"excerpt":{"rendered":"<p>Sekretesspolicy f\u00f6r vetasapiens.com Denna sida samlar in vissa personuppgifter fr\u00e5n sina anv\u00e4ndare. Personuppgifter som behandlas f\u00f6r f\u00f6ljande \u00e4ndam\u00e5l och anv\u00e4nder f\u00f6ljande tj\u00e4nster: Analyser Google Analytics 4 Personlig data: Antal anv\u00e4ndare; sessionsstatistik; Sp\u00e5rare; Anv\u00e4ndningsdata Visa inneh\u00e5ll fr\u00e5n externa plattformar Google Fonts Personlig data: Sp\u00e5rare; Anv\u00e4ndningsdata Kontakta anv\u00e4ndaren E-postlista eller nyhetsbrev Personuppgifter: e-postadress; Sp\u00e5rare; Anv\u00e4ndningsdata. Tagghantering Google [&hellip;]<\/p>\n","protected":false},"author":3,"featured_media":0,"parent":0,"menu_order":0,"comment_status":"closed","ping_status":"closed","template":"","meta":{"_acf_changed":false,"inline_featured_image":false,"footnotes":""},"folder":[],"class_list":["post-10094","page","type-page","status-publish","hentry"],"acf":[],"_links":{"self":[{"href":"https:\/\/vetasapiens.com\/sv\/wp-json\/wp\/v2\/pages\/10094","targetHints":{"allow":["GET"]}}],"collection":[{"href":"https:\/\/vetasapiens.com\/sv\/wp-json\/wp\/v2\/pages"}],"about":[{"href":"https:\/\/vetasapiens.com\/sv\/wp-json\/wp\/v2\/types\/page"}],"author":[{"embeddable":true,"href":"https:\/\/vetasapiens.com\/sv\/wp-json\/wp\/v2\/users\/3"}],"replies":[{"embeddable":true,"href":"https:\/\/vetasapiens.com\/sv\/wp-json\/wp\/v2\/comments?post=10094"}],"version-history":[{"count":3,"href":"https:\/\/vetasapiens.com\/sv\/wp-json\/wp\/v2\/pages\/10094\/revisions"}],"predecessor-version":[{"id":15701,"href":"https:\/\/vetasapiens.com\/sv\/wp-json\/wp\/v2\/pages\/10094\/revisions\/15701"}],"wp:attachment":[{"href":"https:\/\/vetasapiens.com\/sv\/wp-json\/wp\/v2\/media?parent=10094"}],"wp:term":[{"taxonomy":"folder","embeddable":true,"href":"https:\/\/vetasapiens.com\/sv\/wp-json\/wp\/v2\/folder?post=10094"}],"curies":[{"name":"wp","href":"https:\/\/api.w.org\/{rel}","templated":true}]}}