{"id":15410,"date":"2026-02-02T10:44:17","date_gmt":"2026-02-02T10:44:17","guid":{"rendered":"https:\/\/vetasapiens.com\/varumarken\/onepan\/"},"modified":"2026-03-11T07:58:22","modified_gmt":"2026-03-11T07:58:22","slug":"onepan","status":"publish","type":"page","link":"https:\/\/vetasapiens.com\/sv\/varumarken\/onepan\/","title":{"rendered":"OnePan"},"content":{"rendered":"\t\t<div data-elementor-type=\"wp-page\" data-elementor-id=\"15410\" class=\"elementor elementor-15410 elementor-14603\" data-elementor-post-type=\"page\">\n\t\t\t\t<div class=\"elementor-element elementor-element-a261237 e-flex e-con-boxed e-con e-parent\" data-id=\"a261237\" data-element_type=\"container\" data-e-type=\"container\">\n\t\t\t\t\t<div class=\"e-con-inner\">\n\t\t\t\t<div class=\"elementor-element elementor-element-2233839 elementor-view-default elementor-widget elementor-widget-icon\" data-id=\"2233839\" data-element_type=\"widget\" data-e-type=\"widget\" data-widget_type=\"icon.default\">\n\t\t\t\t<div class=\"elementor-widget-container\">\n\t\t\t\t\t\t\t<div class=\"elementor-icon-wrapper\">\n\t\t\t<div class=\"elementor-icon\">\n\t\t\t<svg xmlns=\"http:\/\/www.w3.org\/2000\/svg\" id=\"Lager_2\" data-name=\"Lager 2\" viewBox=\"0 0 406.84 83.53\"><g id=\"Lager_3\" data-name=\"Lager 3\"><g><path d=\"M31.1,83.53h-4.15c-9.75-.71-18.32-5.61-22.79-14.6C1.7,63.95.38,58.78.09,53.11c-.49-9.27,1.08-18.57,4.55-27.24,2.45-6.12,5.95-11.48,10.63-16.04C21.01,4.22,28.3.93,36.28.17c12.18-1.16,23.34,3.78,28.52,15.19,1.99,4.38,3.2,8.86,3.55,13.78.71,9.96-.88,19.91-4.65,29.17-5.35,13.13-16.36,23.67-31,24.98-.65.06-1.17.06-1.58.24ZM49.06,52.31c1.52-4.8,2.21-9.65,2.67-14.67.53-5.84.79-12.05-1.76-17.39-1.83-3.83-5.32-6.05-9.5-6.4-12.48-1.06-19.05,9.41-21.76,20.09-1.82,7.18-2.49,14.46-2.02,21.86.18,2.87.99,5.58,2.28,8.03,1.81,3.45,5.01,5.45,8.81,5.88,11.54,1.31,18.17-7.52,21.29-17.4Z\"><\/path><path d=\"M300.01,83.53h-3.63c-5.32-.6-10.24-2.75-13.43-7.27-1.91-2.71-2.76-5.71-2.73-9.04.12-15.52,14.62-21.49,28.08-21.48h11.55c.39-2.48.87-5.01.76-7.55-.17-4.14-2.67-7.59-6.7-8.58-7.12-1.75-15.86,1.47-17.52,9.07l-10.13.03c.31-3.97,2.13-7.46,4.95-10.27,6.8-6.78,18.2-9.26,27.29-6.55,5,1.49,9.08,4.92,10.96,9.74,1.17,3.01,1.63,6.22,1.11,9.5l-4.89,30.68c-.57,3.57-.18,6.64.51,10.47l-10.57.07c-.38-2.22-.31-4.07-.23-6.2-5.5,4.55-8.71,6.28-15.38,7.37ZM308.05,72.72c3.47-1.74,6.13-4.15,8.41-7.18l2.17-12.43c-7.27-.05-15.74-.74-22.14,2.84-4.04,2.27-6.35,6.31-5.95,10.93.32,3.66,2.95,6.6,6.6,7.34s7.39.19,10.91-1.5Z\"><\/path><path d=\"M406.84,11.61v.52c-.14,2.56-2.25,7.25-4.96,8.65-5.99,3.1-12.89.87-15.2-5.33s1.49-12.54,7.8-13.68,11.82,3.42,12.36,9.84ZM404.99,11.89c0-4.75-3.86-8.6-8.62-8.6s-8.62,3.85-8.62,8.6,3.86,8.6,8.62,8.6,8.62-3.85,8.62-8.6Z\"><\/path><polygon points=\"137.3 82.35 121.4 82.35 98.77 28.35 89.29 82.35 72.92 82.34 87.04 1.23 102.9 1.19 125.57 55.28 135.04 1.21 151.36 1.23 137.3 82.35\"><\/polygon><polygon points=\"205.68 47.16 174.46 47.17 170.68 68.93 207.33 68.94 205.02 82.38 151.96 82.36 166.08 1.15 219.01 1.16 216.63 14.7 180.11 14.7 176.7 34.05 208.02 34.06 205.68 47.16\"><\/polygon><path d=\"M269.32,47.15c-4.71,2.19-9.48,3.39-14.62,3.4l-21.58.04-5.53,31.78-10.51-.02L231.21,1.15l28.82.08c4.74.01,9.07,1.15,13.16,3.21,5.72,3.2,9.57,8.55,10.35,15.09,1.35,11.41-3.48,22.32-14.23,27.61ZM273.29,21.44c-.41-4.91-3.6-8.83-8.19-10.47-1.9-.58-3.79-.96-5.83-.96l-19.11-.06-5.54,31.87,17.39.05c3.64.01,7.06-.4,10.41-1.76,7.7-3.18,11.53-10.54,10.86-18.67Z\"><\/path><path d=\"M370.01,30.14c-8.22-2.12-15.05,2.74-19.44,9.22l-7.48,42.96h-10.12s10.5-60.34,10.5-60.34h9.53s-1.33,7.37-1.33,7.37c1.69-1.52,3.1-2.92,4.94-4.24,5.49-3.92,12.35-5.27,18.88-3.41,4.65,1.33,8.04,4.83,9.44,9.48,1.08,3.58,1.52,7.39.88,11.27l-6.59,39.91-10.12-.03,6.68-39.87c.54-4.82-.18-10.87-5.77-12.31Z\"><\/path><path d=\"M399.02,17.59l-2.06-3.42c-.66-1.1-2.25-1.67-3.31-1.06l-.03,4.32c-.4.11-1.13.14-1.8.12V6.46s5.26.06,5.26.06c1.68.02,3.08,1.07,3.29,2.62s-.9,3.05-2.78,3.5c1.39,1.41,2.44,3,3.49,4.88l-2.07.06ZM397.29,11.21c.8-.08,1.32-1.17,1.23-1.76-.07-.48-.77-1.34-1.31-1.36l-3.57-.12v3.38c1.27,0,2.31,0,3.65-.15Z\"><\/path><\/g><\/g><\/svg>\t\t\t<\/div>\n\t\t<\/div>\n\t\t\t\t\t\t<\/div>\n\t\t\t\t<\/div>\n\t\t\t\t\t<\/div>\n\t\t\t\t<\/div>\n\t\t<div class=\"elementor-element elementor-element-5e87727 e-grid e-con-boxed e-con e-parent\" data-id=\"5e87727\" data-element_type=\"container\" data-e-type=\"container\">\n\t\t\t\t\t<div class=\"e-con-inner\">\n\t\t<div class=\"elementor-element elementor-element-3ef94f1 e-con-full e-flex e-con e-child\" data-id=\"3ef94f1\" data-element_type=\"container\" data-e-type=\"container\">\n\t\t\t\t<div class=\"elementor-element elementor-element-53697a1 elementor-widget elementor-widget-text-editor\" data-id=\"53697a1\" data-element_type=\"widget\" data-e-type=\"widget\" data-widget_type=\"text-editor.default\">\n\t\t\t\t<div class=\"elementor-widget-container\">\n\t\t\t\t\t\t\t\t\t<p>Fri fr\u00e5n skadliga evighetskemikalier<\/p>\t\t\t\t\t\t\t\t<\/div>\n\t\t\t\t<\/div>\n\t\t\t\t<div class=\"elementor-element elementor-element-1b83908 elementor-widget elementor-widget-heading\" data-id=\"1b83908\" data-element_type=\"widget\" data-e-type=\"widget\" data-widget_type=\"heading.default\">\n\t\t\t\t<div class=\"elementor-widget-container\">\n\t\t\t\t\t<h2 class=\"elementor-heading-title elementor-size-default\">Laga mat utan PFAS<\/h2>\t\t\t\t<\/div>\n\t\t\t\t<\/div>\n\t\t\t\t<div class=\"elementor-element elementor-element-16c6035 elementor-widget elementor-widget-text-editor\" data-id=\"16c6035\" data-element_type=\"widget\" data-e-type=\"widget\" data-widget_type=\"text-editor.default\">\n\t\t\t\t<div class=\"elementor-widget-container\">\n\t\t\t\t\t\t\t\t\t<p data-start=\"143\" data-end=\"375\">PFAS finns \u00f6verallt omkring oss, men de h\u00f6r inte hemma i ditt k\u00f6k. V\u00e5ra pannor \u00e4r fria fr\u00e5n PFAS, teflon och andra kemikalier som stannar kvar i naturen f\u00f6r alltid. <\/p><p data-start=\"377\" data-end=\"471\">I st\u00e4llet anv\u00e4nder vi en keramisk bel\u00e4ggning som \u00e4r trygg f\u00f6r b\u00e5de dig, din familj och milj\u00f6n.<\/p>\t\t\t\t\t\t\t\t<\/div>\n\t\t\t\t<\/div>\n\t\t\t\t<\/div>\n\t\t<div class=\"elementor-element elementor-element-a845fd3 e-con-full e-flex e-con e-child\" data-id=\"a845fd3\" data-element_type=\"container\" data-e-type=\"container\" data-settings=\"{&quot;background_background&quot;:&quot;classic&quot;}\">\n\t\t\t\t<\/div>\n\t\t<div class=\"elementor-element elementor-element-4354793 e-con-full e-flex e-con e-child\" data-id=\"4354793\" data-element_type=\"container\" data-e-type=\"container\" data-settings=\"{&quot;background_background&quot;:&quot;video&quot;,&quot;background_video_link&quot;:&quot;https:\\\/\\\/vetasapiens.com\\\/wp-content\\\/uploads\\\/2026\\\/02\\\/a70f126802da451e81bea1968088344a.mp4&quot;}\">\n\t\t<div class=\"elementor-background-video-container elementor-hidden-mobile\">\n\t\t\t\t\t\t\t<video class=\"elementor-background-video-hosted\" role=\"presentation\" autoplay muted playsinline loop><\/video>\n\t\t\t\t\t<\/div>\t\t<\/div>\n\t\t<div class=\"elementor-element elementor-element-50fdd5f e-con-full e-flex e-con e-child\" data-id=\"50fdd5f\" data-element_type=\"container\" data-e-type=\"container\">\n\t\t\t\t<div class=\"elementor-element elementor-element-43ebaf3 elementor-widget elementor-widget-text-editor\" data-id=\"43ebaf3\" data-element_type=\"widget\" data-e-type=\"widget\" data-widget_type=\"text-editor.default\">\n\t\t\t\t<div class=\"elementor-widget-container\">\n\t\t\t\t\t\t\t\t\t<p>En ny h\u00e5llbar riktning f\u00f6r ditt k\u00f6k<\/p>\t\t\t\t\t\t\t\t<\/div>\n\t\t\t\t<\/div>\n\t\t\t\t<div class=\"elementor-element elementor-element-ec16604 elementor-widget elementor-widget-heading\" data-id=\"ec16604\" data-element_type=\"widget\" data-e-type=\"widget\" data-widget_type=\"heading.default\">\n\t\t\t\t<div class=\"elementor-widget-container\">\n\t\t\t\t\t<h2 class=\"elementor-heading-title elementor-size-default\">K\u00f6ksredskap byggda f\u00f6r att h\u00e5lla<\/h2>\t\t\t\t<\/div>\n\t\t\t\t<\/div>\n\t\t\t\t<div class=\"elementor-element elementor-element-3882c28 elementor-widget elementor-widget-text-editor\" data-id=\"3882c28\" data-element_type=\"widget\" data-e-type=\"widget\" data-widget_type=\"text-editor.default\">\n\t\t\t\t<div class=\"elementor-widget-container\">\n\t\t\t\t\t\t\t\t\t<p data-start=\"556\" data-end=\"748\">Vi har byggt ett cirkul\u00e4rt system d\u00e4r dina k\u00f6ksredskap f\u00e5r forts\u00e4tta sin resa. N\u00e4r de b\u00f6rjar bli slitna byter du dem inte, du l\u00e5ter dem \u00e5terf\u00f6das. <\/p><p data-start=\"836\" data-end=\"929\" data-is-last-node=\"\" data-is-only-node=\"\">Mindre skr\u00e4p. Mindre utsl\u00e4pp. Ett h\u00e5llbarare k\u00f6k f\u00f6r b\u00e5de dig och jorden.  <\/p>\t\t\t\t\t\t\t\t<\/div>\n\t\t\t\t<\/div>\n\t\t\t\t<\/div>\n\t\t\t\t\t<\/div>\n\t\t\t\t<\/div>\n\t\t<div class=\"elementor-element elementor-element-beb90ec e-flex e-con-boxed e-con e-parent\" data-id=\"beb90ec\" data-element_type=\"container\" data-e-type=\"container\">\n\t\t\t\t\t<div class=\"e-con-inner\">\n\t\t\t\t<div class=\"elementor-element elementor-element-5049187 elementor-widget elementor-widget-heading\" data-id=\"5049187\" data-element_type=\"widget\" data-e-type=\"widget\" data-widget_type=\"heading.default\">\n\t\t\t\t<div class=\"elementor-widget-container\">\n\t\t\t\t\t<h2 class=\"elementor-heading-title elementor-size-default\">OnePan\u2011produkter i v\u00e5rt sortiment<\/h2>\t\t\t\t<\/div>\n\t\t\t\t<\/div>\n\t\t\t\t<div class=\"woocommerce elementor-element elementor-element-2dd617f elementor-grid-mobile-2 elementor-grid-4 elementor-grid-tablet-2 elementor-widget elementor-widget-loop-grid\" data-id=\"2dd617f\" data-element_type=\"widget\" data-e-type=\"widget\" data-settings=\"{&quot;_skin&quot;:&quot;product&quot;,&quot;template_id&quot;:7285,&quot;columns_mobile&quot;:2,&quot;row_gap_mobile&quot;:{&quot;unit&quot;:&quot;px&quot;,&quot;size&quot;:18,&quot;sizes&quot;:[]},&quot;pagination_type&quot;:&quot;numbers_and_prev_next&quot;,&quot;columns&quot;:4,&quot;row_gap&quot;:{&quot;unit&quot;:&quot;px&quot;,&quot;size&quot;:4,&quot;sizes&quot;:[]},&quot;columns_tablet&quot;:&quot;2&quot;,&quot;edit_handle_selector&quot;:&quot;[data-elementor-type=\\&quot;loop-item\\&quot;]&quot;,&quot;pagination_load_type&quot;:&quot;page_reload&quot;,&quot;row_gap_tablet&quot;:{&quot;unit&quot;:&quot;px&quot;,&quot;size&quot;:&quot;&quot;,&quot;sizes&quot;:[]}}\" data-widget_type=\"loop-grid.product\">\n\t\t\t\t<div class=\"elementor-widget-container\">\n\t\t\t\t\t\t\t<div class=\"e-loop-nothing-found-message\">\n\t\t<\/div>\n\t\t\t\t\t\t<\/div>\n\t\t\t\t<\/div>\n\t\t\t\t\t<\/div>\n\t\t\t\t<\/div>\n\t\t<div class=\"elementor-element elementor-element-f772cbe e-flex e-con-boxed e-con e-parent\" data-id=\"f772cbe\" data-element_type=\"container\" data-e-type=\"container\">\n\t\t\t\t\t<div class=\"e-con-inner\">\n\t\t<div class=\"elementor-element elementor-element-3ec6764 e-con-full e-flex e-con e-child\" data-id=\"3ec6764\" data-element_type=\"container\" data-e-type=\"container\" data-settings=\"{&quot;background_background&quot;:&quot;classic&quot;}\">\n\t\t<div class=\"elementor-element elementor-element-625fda9 e-grid e-con-full e-con e-child\" data-id=\"625fda9\" data-element_type=\"container\" data-e-type=\"container\">\n\t\t<div class=\"elementor-element elementor-element-6226f22 e-con-full e-flex e-con e-child\" data-id=\"6226f22\" data-element_type=\"container\" data-e-type=\"container\" data-settings=\"{&quot;background_background&quot;:&quot;classic&quot;}\">\n\t\t\t\t<\/div>\n\t\t<div class=\"elementor-element elementor-element-6c50a7c e-con-full e-flex e-con e-child\" data-id=\"6c50a7c\" data-element_type=\"container\" data-e-type=\"container\">\n\t\t\t\t<div class=\"elementor-element elementor-element-712e90a elementor-widget elementor-widget-heading\" data-id=\"712e90a\" data-element_type=\"widget\" data-e-type=\"widget\" data-widget_type=\"heading.default\">\n\t\t\t\t<div class=\"elementor-widget-container\">\n\t\t\t\t\t<h2 class=\"elementor-heading-title elementor-size-default\">S\u00e5 renoverar du din gamla OnePan<\/h2>\t\t\t\t<\/div>\n\t\t\t\t<\/div>\n\t\t\t\t<div class=\"elementor-element elementor-element-0de8da3 elementor-widget elementor-widget-text-editor\" data-id=\"0de8da3\" data-element_type=\"widget\" data-e-type=\"widget\" data-widget_type=\"text-editor.default\">\n\t\t\t\t<div class=\"elementor-widget-container\">\n\t\t\t\t\t\t\t\t\t<div>Om du har k\u00f6pt en OnePan fr\u00e5n Veta och den blir sliten eller skadad har du r\u00e4tt att skicka in den till OnePan och f\u00e5 tillbaka en ny fullt renoverad panna.<\/div>\t\t\t\t\t\t\t\t<\/div>\n\t\t\t\t<\/div>\n\t\t\t\t<div class=\"elementor-element elementor-element-c217df6 elementor-align-left elementor-widget elementor-widget-button\" data-id=\"c217df6\" data-element_type=\"widget\" data-e-type=\"widget\" data-widget_type=\"button.default\">\n\t\t\t\t<div class=\"elementor-widget-container\">\n\t\t\t\t\t\t\t\t\t<div class=\"elementor-button-wrapper\">\n\t\t\t\t\t<a class=\"elementor-button elementor-button-link elementor-size-sm elementor-animation-grow\" href=\"https:\/\/onepan.se\/en\/collections\/recoating\" target=\"_blank\" rel=\"noopener noreferrer nofollow\">\n\t\t\t\t\t\t<span class=\"elementor-button-content-wrapper\">\n\t\t\t\t\t\t\t\t\t<span class=\"elementor-button-text\">Klicka h\u00e4r f\u00f6r att l\u00e4sa mer om hur du renoverar din OnePan<\/span>\n\t\t\t\t\t<\/span>\n\t\t\t\t\t<\/a>\n\t\t\t\t<\/div>\n\t\t\t\t\t\t\t\t<\/div>\n\t\t\t\t<\/div>\n\t\t\t\t<\/div>\n\t\t\t\t<\/div>\n\t\t\t\t<\/div>\n\t\t\t\t\t<\/div>\n\t\t\t\t<\/div>\n\t\t<div class=\"elementor-element elementor-element-03c8452 e-grid e-con-boxed e-con e-parent\" data-id=\"03c8452\" data-element_type=\"container\" data-e-type=\"container\" data-settings=\"{&quot;background_background&quot;:&quot;classic&quot;}\">\n\t\t\t\t\t<div class=\"e-con-inner\">\n\t\t<div class=\"elementor-element elementor-element-c13a590 e-con-full e-flex e-con e-child\" data-id=\"c13a590\" data-element_type=\"container\" data-e-type=\"container\">\n\t\t\t\t<div class=\"elementor-element elementor-element-fb244c0 elementor-view-default elementor-widget elementor-widget-icon\" data-id=\"fb244c0\" data-element_type=\"widget\" data-e-type=\"widget\" data-widget_type=\"icon.default\">\n\t\t\t\t<div class=\"elementor-widget-container\">\n\t\t\t\t\t\t\t<div class=\"elementor-icon-wrapper\">\n\t\t\t<div class=\"elementor-icon\">\n\t\t\t<svg aria-hidden=\"true\" class=\"e-font-icon-svg e-far-thumbs-up\" viewBox=\"0 0 512 512\" xmlns=\"http:\/\/www.w3.org\/2000\/svg\"><path d=\"M466.27 286.69C475.04 271.84 480 256 480 236.85c0-44.015-37.218-85.58-85.82-85.58H357.7c4.92-12.81 8.85-28.13 8.85-46.54C366.55 31.936 328.86 0 271.28 0c-61.607 0-58.093 94.933-71.76 108.6-22.747 22.747-49.615 66.447-68.76 83.4H32c-17.673 0-32 14.327-32 32v240c0 17.673 14.327 32 32 32h64c14.893 0 27.408-10.174 30.978-23.95 44.509 1.001 75.06 39.94 177.802 39.94 7.22 0 15.22.01 22.22.01 77.117 0 111.986-39.423 112.94-95.33 13.319-18.425 20.299-43.122 17.34-66.99 9.854-18.452 13.664-40.343 8.99-62.99zm-61.75 53.83c12.56 21.13 1.26 49.41-13.94 57.57 7.7 48.78-17.608 65.9-53.12 65.9h-37.82c-71.639 0-118.029-37.82-171.64-37.82V240h10.92c28.36 0 67.98-70.89 94.54-97.46 28.36-28.36 18.91-75.63 37.82-94.54 47.27 0 47.27 32.98 47.27 56.73 0 39.17-28.36 56.72-28.36 94.54h103.99c21.11 0 37.73 18.91 37.82 37.82.09 18.9-12.82 37.81-22.27 37.81 13.489 14.555 16.371 45.236-5.21 65.62zM88 432c0 13.255-10.745 24-24 24s-24-10.745-24-24 10.745-24 24-24 24 10.745 24 24z\"><\/path><\/svg>\t\t\t<\/div>\n\t\t<\/div>\n\t\t\t\t\t\t<\/div>\n\t\t\t\t<\/div>\n\t\t\t\t<div class=\"elementor-element elementor-element-b337384 elementor-widget elementor-widget-heading\" data-id=\"b337384\" data-element_type=\"widget\" data-e-type=\"widget\" data-widget_type=\"heading.default\">\n\t\t\t\t<div class=\"elementor-widget-container\">\n\t\t\t\t\t<h2 class=\"elementor-heading-title elementor-size-default\">Helt utan PFAS. Helt utan teflon. Bara trygg matlagning.<\/h2>\t\t\t\t<\/div>\n\t\t\t\t<\/div>\n\t\t\t\t<\/div>\n\t\t<div class=\"elementor-element elementor-element-f5d283e e-con-full e-flex e-con e-child\" data-id=\"f5d283e\" data-element_type=\"container\" data-e-type=\"container\">\n\t\t\t\t<div class=\"elementor-element elementor-element-387e3dc elementor-view-default elementor-widget elementor-widget-icon\" data-id=\"387e3dc\" data-element_type=\"widget\" data-e-type=\"widget\" data-widget_type=\"icon.default\">\n\t\t\t\t<div class=\"elementor-widget-container\">\n\t\t\t\t\t\t\t<div class=\"elementor-icon-wrapper\">\n\t\t\t<div class=\"elementor-icon\">\n\t\t\t<svg aria-hidden=\"true\" class=\"e-font-icon-svg e-far-thumbs-up\" viewBox=\"0 0 512 512\" xmlns=\"http:\/\/www.w3.org\/2000\/svg\"><path d=\"M466.27 286.69C475.04 271.84 480 256 480 236.85c0-44.015-37.218-85.58-85.82-85.58H357.7c4.92-12.81 8.85-28.13 8.85-46.54C366.55 31.936 328.86 0 271.28 0c-61.607 0-58.093 94.933-71.76 108.6-22.747 22.747-49.615 66.447-68.76 83.4H32c-17.673 0-32 14.327-32 32v240c0 17.673 14.327 32 32 32h64c14.893 0 27.408-10.174 30.978-23.95 44.509 1.001 75.06 39.94 177.802 39.94 7.22 0 15.22.01 22.22.01 77.117 0 111.986-39.423 112.94-95.33 13.319-18.425 20.299-43.122 17.34-66.99 9.854-18.452 13.664-40.343 8.99-62.99zm-61.75 53.83c12.56 21.13 1.26 49.41-13.94 57.57 7.7 48.78-17.608 65.9-53.12 65.9h-37.82c-71.639 0-118.029-37.82-171.64-37.82V240h10.92c28.36 0 67.98-70.89 94.54-97.46 28.36-28.36 18.91-75.63 37.82-94.54 47.27 0 47.27 32.98 47.27 56.73 0 39.17-28.36 56.72-28.36 94.54h103.99c21.11 0 37.73 18.91 37.82 37.82.09 18.9-12.82 37.81-22.27 37.81 13.489 14.555 16.371 45.236-5.21 65.62zM88 432c0 13.255-10.745 24-24 24s-24-10.745-24-24 10.745-24 24-24 24 10.745 24 24z\"><\/path><\/svg>\t\t\t<\/div>\n\t\t<\/div>\n\t\t\t\t\t\t<\/div>\n\t\t\t\t<\/div>\n\t\t\t\t<div class=\"elementor-element elementor-element-88f41df elementor-widget elementor-widget-heading\" data-id=\"88f41df\" data-element_type=\"widget\" data-e-type=\"widget\" data-widget_type=\"heading.default\">\n\t\t\t\t<div class=\"elementor-widget-container\">\n\t\t\t\t\t<h2 class=\"elementor-heading-title elementor-size-default\">Tillverkad av \u00e5tervunnet aluminium<\/h2>\t\t\t\t<\/div>\n\t\t\t\t<\/div>\n\t\t\t\t<\/div>\n\t\t<div class=\"elementor-element elementor-element-5905aab e-con-full e-flex e-con e-child\" data-id=\"5905aab\" data-element_type=\"container\" data-e-type=\"container\">\n\t\t\t\t<div class=\"elementor-element elementor-element-c8f4fb0 elementor-view-default elementor-widget elementor-widget-icon\" data-id=\"c8f4fb0\" data-element_type=\"widget\" data-e-type=\"widget\" data-widget_type=\"icon.default\">\n\t\t\t\t<div class=\"elementor-widget-container\">\n\t\t\t\t\t\t\t<div class=\"elementor-icon-wrapper\">\n\t\t\t<div class=\"elementor-icon\">\n\t\t\t<svg aria-hidden=\"true\" class=\"e-font-icon-svg e-far-thumbs-up\" viewBox=\"0 0 512 512\" xmlns=\"http:\/\/www.w3.org\/2000\/svg\"><path d=\"M466.27 286.69C475.04 271.84 480 256 480 236.85c0-44.015-37.218-85.58-85.82-85.58H357.7c4.92-12.81 8.85-28.13 8.85-46.54C366.55 31.936 328.86 0 271.28 0c-61.607 0-58.093 94.933-71.76 108.6-22.747 22.747-49.615 66.447-68.76 83.4H32c-17.673 0-32 14.327-32 32v240c0 17.673 14.327 32 32 32h64c14.893 0 27.408-10.174 30.978-23.95 44.509 1.001 75.06 39.94 177.802 39.94 7.22 0 15.22.01 22.22.01 77.117 0 111.986-39.423 112.94-95.33 13.319-18.425 20.299-43.122 17.34-66.99 9.854-18.452 13.664-40.343 8.99-62.99zm-61.75 53.83c12.56 21.13 1.26 49.41-13.94 57.57 7.7 48.78-17.608 65.9-53.12 65.9h-37.82c-71.639 0-118.029-37.82-171.64-37.82V240h10.92c28.36 0 67.98-70.89 94.54-97.46 28.36-28.36 18.91-75.63 37.82-94.54 47.27 0 47.27 32.98 47.27 56.73 0 39.17-28.36 56.72-28.36 94.54h103.99c21.11 0 37.73 18.91 37.82 37.82.09 18.9-12.82 37.81-22.27 37.81 13.489 14.555 16.371 45.236-5.21 65.62zM88 432c0 13.255-10.745 24-24 24s-24-10.745-24-24 10.745-24 24-24 24 10.745 24 24z\"><\/path><\/svg>\t\t\t<\/div>\n\t\t<\/div>\n\t\t\t\t\t\t<\/div>\n\t\t\t\t<\/div>\n\t\t\t\t<div class=\"elementor-element elementor-element-4315840 elementor-widget elementor-widget-heading\" data-id=\"4315840\" data-element_type=\"widget\" data-e-type=\"widget\" data-widget_type=\"heading.default\">\n\t\t\t\t<div class=\"elementor-widget-container\">\n\t\t\t\t\t<h2 class=\"elementor-heading-title elementor-size-default\">Svensk design och innovation<\/h2>\t\t\t\t<\/div>\n\t\t\t\t<\/div>\n\t\t\t\t<\/div>\n\t\t\t\t\t<\/div>\n\t\t\t\t<\/div>\n\t\t<div class=\"elementor-element elementor-element-2eca2cc e-flex e-con-boxed e-con e-parent\" data-id=\"2eca2cc\" data-element_type=\"container\" data-e-type=\"container\">\n\t\t\t\t\t<div class=\"e-con-inner\">\n\t\t\t\t<div class=\"elementor-element elementor-element-c80233e elementor-view-default elementor-widget elementor-widget-icon\" data-id=\"c80233e\" data-element_type=\"widget\" data-e-type=\"widget\" data-widget_type=\"icon.default\">\n\t\t\t\t<div class=\"elementor-widget-container\">\n\t\t\t\t\t\t\t<div class=\"elementor-icon-wrapper\">\n\t\t\t<a class=\"elementor-icon\" href=\"https:\/\/vetasapiens.com\/refood\/\">\n\t\t\t<svg xmlns=\"http:\/\/www.w3.org\/2000\/svg\" id=\"Lager_2\" data-name=\"Lager 2\" viewBox=\"0 0 93.79 23.25\"><g id=\"Lager_1-2\" data-name=\"Lager 1\"><g><path d=\"M10.97,14.25v-.03c.9-.24,1.72-.62,2.44-1.15s1.31-1.24,1.76-2.15c.45-.91.68-2,.68-3.3,0-1.92-.48-3.4-1.43-4.43-.95-1.03-1.98-1.71-3.07-2.04-1.1-.32-2.1-.48-3.01-.48H0v21.6h4.13v-7.73h2.49l5.1,7.73h4.65c-.87-1.29-1.74-2.59-2.63-3.91-.92-1.38-1.85-2.76-2.77-4.13ZM9.42,10.62c-.57.18-1.18.28-1.83.28h-3.46v-6.48h3.52c.98,0,1.87.26,2.67.78.8.52,1.21,1.36,1.21,2.52,0,.81-.21,1.45-.62,1.92-.41.47-.91.8-1.48.98Z\"><\/path><polygon points=\"21.9 18.46 21.9 15.91 21.9 13.31 26.58 13.31 31.35 13.31 31.35 9.32 26.67 9.32 21.9 9.32 21.9 7.81 21.9 6.28 21.9 4.48 25.93 4.48 30.07 4.48 31.9 4.48 31.9 .68 17.78 .68 17.78 22.29 32.18 22.29 32.18 18.46 27.1 18.46 21.9 18.46\"><\/polygon><path d=\"M41.09.51c-.83.34-1.52.92-2.08,1.73-.56.81-.85,1.88-.86,3.22v1.49h-2.24v4.11h2.24v11.03h4.51v-11.03h3.16v-4.11h-3.16v-.78c0-.4.04-.76.12-1.09s.28-.62.59-.87.78-.36,1.39-.36c.18,0,.38.02.59.05s.47.09.76.16V.32c-.68-.22-1.48-.32-2.38-.32s-1.82.17-2.65.51Z\"><\/path><path d=\"M93.42,19.95c-.08-.66-.12-1.56-.12-2.72V.34h-4.51v8.11h-.05c-.43-.59-.99-1.09-1.68-1.47-.68-.39-1.52-.58-2.51-.58-1.24,0-2.38.32-3.41.96-1.03.64-1.84,1.56-2.45,2.76-.5,1-.78,2.16-.87,3.46-.27-1.66-1.03-3.2-2.2-4.41-1.57-1.63-3.76-2.52-5.98-2.42-3.85.16-6.95,3.11-7.53,6.87-.12-1.13-.43-2.17-.94-3.1-.67-1.22-1.6-2.17-2.8-2.85s-2.56-1.03-4.09-1.03-2.9.34-4.11,1.03c-1.21.68-2.14,1.63-2.81,2.85-.67,1.22-1,2.6-1,4.15s.33,2.93,1,4.15c.67,1.22,1.6,2.16,2.8,2.84s2.57,1.01,4.12,1.01,2.9-.34,4.09-1.01,2.13-1.62,2.8-2.84c.48-.87.78-1.83.91-2.88.24,1.97,1.15,3.76,2.61,5.09l2.86-3.14c-.79-.72-1.25-1.72-1.29-2.81-.09-2.16,1.5-3.99,3.54-4.07,1.02-.04,2.01.36,2.75,1.13.68.7,1.08,1.64,1.12,2.64.05,1.24-.44,2.38-1.3,3.15l-.56-1.19-4.12,5.92,7.18.61-.66-1.41c2.05-1.32,3.4-3.51,3.67-5.97.12.96.35,1.85.72,2.66.55,1.22,1.34,2.17,2.37,2.87,1.03.69,2.23,1.04,3.62,1.04.9,0,1.74-.16,2.51-.47.77-.31,1.41-.81,1.92-1.5h.05c-.02.13,0,.32.04.57.04.25.1.53.18.84,0,.02,0,.04.01.05,0,.02.01.04.01.05h4.46c-.16-.68-.28-1.36-.36-2.01ZM57.1,16.56c-.27.56-.65,1-1.13,1.31-.49.32-1.04.47-1.68.47s-1.19-.16-1.69-.47c-.5-.31-.88-.75-1.15-1.31-.27-.56-.41-1.19-.41-1.89s.14-1.36.41-1.92c.27-.56.65-1,1.15-1.31.5-.32,1.06-.47,1.69-.47s1.19.16,1.68.47.87.75,1.13,1.31c.27.56.41,1.2.41,1.92s-.14,1.33-.41,1.89ZM88.49,16.26c-.27.56-.65,1-1.13,1.32s-1.04.49-1.68.49-1.22-.16-1.7-.49c-.49-.32-.86-.77-1.13-1.32s-.41-1.19-.41-1.89.13-1.36.41-1.91c.27-.55.65-.98,1.13-1.3.49-.32,1.04-.47,1.68-.47s1.19.16,1.69.47c.5.32.88.75,1.15,1.3.27.55.41,1.19.41,1.91s-.13,1.33-.41,1.89Z\"><\/path><\/g><\/g><\/svg>\t\t\t<\/a>\n\t\t<\/div>\n\t\t\t\t\t\t<\/div>\n\t\t\t\t<\/div>\n\t\t\t\t\t<\/div>\n\t\t\t\t<\/div>\n\t\t\t\t<\/div>\n\t\t","protected":false},"excerpt":{"rendered":"<p>Fri fr\u00e5n skadliga evighetskemikalier Laga mat utan PFAS PFAS finns \u00f6verallt omkring oss, men de h\u00f6r inte hemma i ditt k\u00f6k. V\u00e5ra pannor \u00e4r fria fr\u00e5n PFAS, teflon och andra kemikalier som stannar kvar i naturen f\u00f6r alltid. I st\u00e4llet anv\u00e4nder vi en keramisk bel\u00e4ggning som \u00e4r trygg f\u00f6r b\u00e5de dig, din familj och milj\u00f6n. [&hellip;]<\/p>\n","protected":false},"author":1,"featured_media":0,"parent":5683,"menu_order":0,"comment_status":"closed","ping_status":"closed","template":"","meta":{"_acf_changed":false,"inline_featured_image":false,"footnotes":""},"folder":[],"class_list":["post-15410","page","type-page","status-publish","hentry"],"acf":[],"_links":{"self":[{"href":"https:\/\/vetasapiens.com\/sv\/wp-json\/wp\/v2\/pages\/15410","targetHints":{"allow":["GET"]}}],"collection":[{"href":"https:\/\/vetasapiens.com\/sv\/wp-json\/wp\/v2\/pages"}],"about":[{"href":"https:\/\/vetasapiens.com\/sv\/wp-json\/wp\/v2\/types\/page"}],"author":[{"embeddable":true,"href":"https:\/\/vetasapiens.com\/sv\/wp-json\/wp\/v2\/users\/1"}],"replies":[{"embeddable":true,"href":"https:\/\/vetasapiens.com\/sv\/wp-json\/wp\/v2\/comments?post=15410"}],"version-history":[{"count":1,"href":"https:\/\/vetasapiens.com\/sv\/wp-json\/wp\/v2\/pages\/15410\/revisions"}],"predecessor-version":[{"id":15411,"href":"https:\/\/vetasapiens.com\/sv\/wp-json\/wp\/v2\/pages\/15410\/revisions\/15411"}],"up":[{"embeddable":true,"href":"https:\/\/vetasapiens.com\/sv\/wp-json\/wp\/v2\/pages\/5683"}],"wp:attachment":[{"href":"https:\/\/vetasapiens.com\/sv\/wp-json\/wp\/v2\/media?parent=15410"}],"wp:term":[{"taxonomy":"folder","embeddable":true,"href":"https:\/\/vetasapiens.com\/sv\/wp-json\/wp\/v2\/folder?post=15410"}],"curies":[{"name":"wp","href":"https:\/\/api.w.org\/{rel}","templated":true}]}}