{"id":5683,"date":"2024-06-11T13:42:11","date_gmt":"2024-06-11T13:42:11","guid":{"rendered":"https:\/\/vetasapiens.com\/varumarken\/"},"modified":"2026-01-26T09:10:18","modified_gmt":"2026-01-26T09:10:18","slug":"varumarken","status":"publish","type":"page","link":"https:\/\/vetasapiens.com\/sv\/varumarken\/","title":{"rendered":"Varum\u00e4rken"},"content":{"rendered":"\t\t<div data-elementor-type=\"wp-page\" data-elementor-id=\"5683\" class=\"elementor elementor-5683 elementor-815\" data-elementor-post-type=\"page\">\n\t\t\t\t<div class=\"elementor-element elementor-element-1ab0bcf4 e-flex e-con-boxed e-con e-parent\" data-id=\"1ab0bcf4\" data-element_type=\"container\" data-e-type=\"container\" data-settings=\"{&quot;background_background&quot;:&quot;classic&quot;}\">\n\t\t\t\t\t<div class=\"e-con-inner\">\n\t\t\t\t<div class=\"elementor-element elementor-element-22735127 elementor-widget elementor-widget-heading\" data-id=\"22735127\" data-element_type=\"widget\" data-e-type=\"widget\" data-widget_type=\"heading.default\">\n\t\t\t\t<div class=\"elementor-widget-container\">\n\t\t\t\t\t<h2 class=\"elementor-heading-title elementor-size-default\">De varum\u00e4rken som\nm\u00f6jligg\u00f6r Veta.<\/h2>\t\t\t\t<\/div>\n\t\t\t\t<\/div>\n\t\t\t\t\t<\/div>\n\t\t\t\t<\/div>\n\t\t<div class=\"elementor-element elementor-element-c073b0c e-flex e-con-boxed e-con e-parent\" data-id=\"c073b0c\" data-element_type=\"container\" data-e-type=\"container\">\n\t\t\t\t\t<div class=\"e-con-inner\">\n\t\t<div class=\"elementor-element elementor-element-a1c6a83 e-grid e-con-full e-con e-child\" data-id=\"a1c6a83\" data-element_type=\"container\" data-e-type=\"container\">\n\t\t<div class=\"elementor-element elementor-element-10aa38a e-con-full e-flex e-con e-child\" data-id=\"10aa38a\" data-element_type=\"container\" data-e-type=\"container\" data-settings=\"{&quot;background_background&quot;:&quot;classic&quot;}\">\n\t\t<div class=\"elementor-element elementor-element-36de041 e-con-full e-flex e-con e-child\" data-id=\"36de041\" data-element_type=\"container\" data-e-type=\"container\" data-settings=\"{&quot;background_background&quot;:&quot;classic&quot;}\">\n\t\t\t\t<div class=\"elementor-element elementor-element-6002a61 elementor-widget elementor-widget-image\" data-id=\"6002a61\" data-element_type=\"widget\" data-e-type=\"widget\" data-widget_type=\"image.default\">\n\t\t\t\t<div class=\"elementor-widget-container\">\n\t\t\t\t\t\t\t\t\t\t\t\t\t\t\t\t<a href=\"https:\/\/vetasapiens.com\/brands\/reencle\/\">\n\t\t\t\t\t\t\t<img loading=\"lazy\" decoding=\"async\" width=\"206\" height=\"42\" src=\"https:\/\/vetasapiens.com\/wp-content\/uploads\/2024\/06\/Reencel.png\" class=\"attachment-medium size-medium wp-image-5328\" alt=\"Official Reencle Logo\" \/>\t\t\t\t\t\t\t\t<\/a>\n\t\t\t\t\t\t\t\t\t\t\t\t\t\t\t<\/div>\n\t\t\t\t<\/div>\n\t\t\t\t<\/div>\n\t\t\t\t<\/div>\n\t\t<div class=\"elementor-element elementor-element-1fccd87 e-con-full e-flex e-con e-child\" data-id=\"1fccd87\" data-element_type=\"container\" data-e-type=\"container\" data-settings=\"{&quot;background_background&quot;:&quot;classic&quot;}\">\n\t\t<div class=\"elementor-element elementor-element-14c2af0 e-con-full e-flex e-con e-child\" data-id=\"14c2af0\" data-element_type=\"container\" data-e-type=\"container\" data-settings=\"{&quot;background_background&quot;:&quot;classic&quot;}\">\n\t\t\t\t<div class=\"elementor-element elementor-element-9b2fea2 elementor-widget elementor-widget-image\" data-id=\"9b2fea2\" data-element_type=\"widget\" data-e-type=\"widget\" data-widget_type=\"image.default\">\n\t\t\t\t<div class=\"elementor-widget-container\">\n\t\t\t\t\t\t\t\t\t\t\t\t\t\t\t\t<a href=\"https:\/\/vetasapiens.com\/brands\/coolsaver\/\">\n\t\t\t\t\t\t\t<img loading=\"lazy\" decoding=\"async\" width=\"282\" height=\"59\" src=\"https:\/\/vetasapiens.com\/wp-content\/uploads\/2024\/06\/CoolSaver.png\" class=\"attachment-medium size-medium wp-image-5327\" alt=\"Officiell CoolSaver-logotyp\" \/>\t\t\t\t\t\t\t\t<\/a>\n\t\t\t\t\t\t\t\t\t\t\t\t\t\t\t<\/div>\n\t\t\t\t<\/div>\n\t\t\t\t<\/div>\n\t\t\t\t<\/div>\n\t\t<div class=\"elementor-element elementor-element-531c6e3 e-con-full e-flex e-con e-child\" data-id=\"531c6e3\" data-element_type=\"container\" data-e-type=\"container\" data-settings=\"{&quot;background_background&quot;:&quot;classic&quot;}\">\n\t\t<div class=\"elementor-element elementor-element-2f48154 e-con-full e-flex e-con e-child\" data-id=\"2f48154\" data-element_type=\"container\" data-e-type=\"container\" data-settings=\"{&quot;background_background&quot;:&quot;classic&quot;}\">\n\t\t\t\t<div class=\"elementor-element elementor-element-f3fd664 elementor-widget elementor-widget-image\" data-id=\"f3fd664\" data-element_type=\"widget\" data-e-type=\"widget\" data-widget_type=\"image.default\">\n\t\t\t\t<div class=\"elementor-widget-container\">\n\t\t\t\t\t\t\t\t\t\t\t\t\t\t\t\t<a href=\"https:\/\/vetasapiens.com\/brands\/vitesy\/\">\n\t\t\t\t\t\t\t<img loading=\"lazy\" decoding=\"async\" width=\"500\" height=\"127\" src=\"https:\/\/vetasapiens.com\/wp-content\/uploads\/2024\/06\/Vitesy-scaled.png\" class=\"attachment-medium size-medium wp-image-5329\" alt=\"Officiell Vitesy-logotyp\" \/>\t\t\t\t\t\t\t\t<\/a>\n\t\t\t\t\t\t\t\t\t\t\t\t\t\t\t<\/div>\n\t\t\t\t<\/div>\n\t\t\t\t<\/div>\n\t\t\t\t<\/div>\n\t\t<div class=\"elementor-element elementor-element-b8ea28b e-con-full e-flex e-con e-child\" data-id=\"b8ea28b\" data-element_type=\"container\" data-e-type=\"container\" data-settings=\"{&quot;background_background&quot;:&quot;classic&quot;}\">\n\t\t<div class=\"elementor-element elementor-element-9b08be3 e-con-full e-flex e-con e-child\" data-id=\"9b08be3\" data-element_type=\"container\" data-e-type=\"container\" data-settings=\"{&quot;background_background&quot;:&quot;classic&quot;}\">\n\t\t\t\t<div class=\"elementor-element elementor-element-63f87e7 elementor-widget elementor-widget-image\" data-id=\"63f87e7\" data-element_type=\"widget\" data-e-type=\"widget\" data-widget_type=\"image.default\">\n\t\t\t\t<div class=\"elementor-widget-container\">\n\t\t\t\t\t\t\t\t\t\t\t\t\t\t\t\t<a href=\"https:\/\/vetasapiens.com\/brands\/remente\/\">\n\t\t\t\t\t\t\t<img loading=\"lazy\" decoding=\"async\" width=\"500\" height=\"100\" src=\"https:\/\/vetasapiens.com\/wp-content\/uploads\/2025\/01\/Remente-logo2@16x-500x100.png\" class=\"attachment-medium size-medium wp-image-10455\" alt=\"\" srcset=\"https:\/\/vetasapiens.com\/wp-content\/uploads\/2025\/01\/Remente-logo2@16x-500x100.png 500w, https:\/\/vetasapiens.com\/wp-content\/uploads\/2025\/01\/Remente-logo2@16x-1024x205.png 1024w, https:\/\/vetasapiens.com\/wp-content\/uploads\/2025\/01\/Remente-logo2@16x-768x154.png 768w, https:\/\/vetasapiens.com\/wp-content\/uploads\/2025\/01\/Remente-logo2@16x.png 1520w\" sizes=\"auto, (max-width: 500px) 100vw, 500px\" \/>\t\t\t\t\t\t\t\t<\/a>\n\t\t\t\t\t\t\t\t\t\t\t\t\t\t\t<\/div>\n\t\t\t\t<\/div>\n\t\t\t\t<\/div>\n\t\t\t\t<\/div>\n\t\t<div class=\"elementor-element elementor-element-4220da6 e-con-full e-flex e-con e-child\" data-id=\"4220da6\" data-element_type=\"container\" data-e-type=\"container\" data-settings=\"{&quot;background_background&quot;:&quot;classic&quot;}\">\n\t\t<div class=\"elementor-element elementor-element-83559ec e-con-full e-flex e-con e-child\" data-id=\"83559ec\" data-element_type=\"container\" data-e-type=\"container\" data-settings=\"{&quot;background_background&quot;:&quot;classic&quot;}\">\n\t\t\t\t<div class=\"elementor-element elementor-element-a0cb78d elementor-widget elementor-widget-image\" data-id=\"a0cb78d\" data-element_type=\"widget\" data-e-type=\"widget\" data-widget_type=\"image.default\">\n\t\t\t\t<div class=\"elementor-widget-container\">\n\t\t\t\t\t\t\t\t\t\t\t\t\t\t\t\t<a href=\"https:\/\/vetasapiens.com\/brands\/brainlit\/\">\n\t\t\t\t\t\t\t<img loading=\"lazy\" decoding=\"async\" width=\"333\" height=\"58\" src=\"https:\/\/vetasapiens.com\/wp-content\/uploads\/2024\/09\/Brainlit-logo_1@2x-8.png\" class=\"attachment-medium size-medium wp-image-5532\" alt=\"Brainlits officiella logotyp\" \/>\t\t\t\t\t\t\t\t<\/a>\n\t\t\t\t\t\t\t\t\t\t\t\t\t\t\t<\/div>\n\t\t\t\t<\/div>\n\t\t\t\t<\/div>\n\t\t\t\t<\/div>\n\t\t\t\t<\/div>\n\t\t\t\t\t<\/div>\n\t\t\t\t<\/div>\n\t\t\t\t<\/div>\n\t\t","protected":false},"excerpt":{"rendered":"<p>De varum\u00e4rken som m\u00f6jligg\u00f6r Veta.<\/p>\n","protected":false},"author":1,"featured_media":0,"parent":0,"menu_order":0,"comment_status":"closed","ping_status":"closed","template":"","meta":{"_acf_changed":false,"inline_featured_image":false,"footnotes":""},"folder":[],"class_list":["post-5683","page","type-page","status-publish","hentry"],"acf":[],"_links":{"self":[{"href":"https:\/\/vetasapiens.com\/sv\/wp-json\/wp\/v2\/pages\/5683","targetHints":{"allow":["GET"]}}],"collection":[{"href":"https:\/\/vetasapiens.com\/sv\/wp-json\/wp\/v2\/pages"}],"about":[{"href":"https:\/\/vetasapiens.com\/sv\/wp-json\/wp\/v2\/types\/page"}],"author":[{"embeddable":true,"href":"https:\/\/vetasapiens.com\/sv\/wp-json\/wp\/v2\/users\/1"}],"replies":[{"embeddable":true,"href":"https:\/\/vetasapiens.com\/sv\/wp-json\/wp\/v2\/comments?post=5683"}],"version-history":[{"count":7,"href":"https:\/\/vetasapiens.com\/sv\/wp-json\/wp\/v2\/pages\/5683\/revisions"}],"predecessor-version":[{"id":14322,"href":"https:\/\/vetasapiens.com\/sv\/wp-json\/wp\/v2\/pages\/5683\/revisions\/14322"}],"wp:attachment":[{"href":"https:\/\/vetasapiens.com\/sv\/wp-json\/wp\/v2\/media?parent=5683"}],"wp:term":[{"taxonomy":"folder","embeddable":true,"href":"https:\/\/vetasapiens.com\/sv\/wp-json\/wp\/v2\/folder?post=5683"}],"curies":[{"name":"wp","href":"https:\/\/api.w.org\/{rel}","templated":true}]}}