{"id":11939,"date":"2025-05-13T08:58:46","date_gmt":"2025-05-13T08:58:46","guid":{"rendered":"https:\/\/vetasapiens.com\/?post_type=product&#038;p=11939"},"modified":"2025-05-13T11:36:34","modified_gmt":"2025-05-13T11:36:34","slug":"kommersiell-kompostering-30-kg-copy","status":"publish","type":"product","link":"https:\/\/vetasapiens.com\/sv\/produkt\/kommersiell-kompostering-30-kg-copy\/","title":{"rendered":"Kommersiell kompostering &#8211; 30 kg (Copy)"},"content":{"rendered":"<h4>Fr\u00e5n avfall till resurser<\/h4>\n<p>MegaReencle hanterar effektivt och h\u00e5llbart upp till 30 kg matavfall varje dag. Med hj\u00e4lp av mikrobiella fermenteringsmetoder v\u00e4ntar den inte p\u00e5 att matavfallet ska ackumuleras utan slutf\u00f6r nedbrytningen inom 24 timmar, vilket g\u00f6r att det kan \u00e5teranv\u00e4ndas som naturlig kompost i tr\u00e4dg\u00e5rdar n\u00e4sta dag. <\/p>\n<p>&nbsp;<\/p>\n<p>&nbsp;<\/p>\n<h5>5 sk\u00e4l till varf\u00f6r MegaReencle \u00e4r #1<\/h5>\n<ol>\n<li>G\u00f6r riktig kompost, inte uttorkad matkompost.<\/li>\n<li>Fullst\u00e4ndig luktkontroll = inget illaluktande k\u00f6k.<\/li>\n<li>Tyst i drift.<\/li>\n<li>Effektivt &#8211; inga r\u00f6riga och tidskr\u00e4vande cykler.<\/li>\n<li>Eliminerar risken f\u00f6r skadedjur i \u00e5tervinningsrummet.<\/li>\n<\/ol>\n<p>&nbsp;<\/p>\n<p>&nbsp;<\/p>\n<h5>Effektiv mikrobiell fermentering f\u00f6r livsmedelsbearbetning<\/h5>\n<p>Nedbryter organiskt avfall effektivt inom 24 timmar, utan att generera ytterligare avloppsvatten.<\/p>\n<p>&nbsp;<\/p>\n<p>&nbsp;<\/p>\n<h5>Kraftfullt trippelfiltersystem<\/h5>\n<p>Avl\u00e4gsnar bakterier, k\u00e4llan till lukt, i det f\u00f6rsta steget f\u00f6r att s\u00e4kerst\u00e4lla \u00f6verv\u00e4ldigande filtereffektivitet.<\/p>\n<p>&nbsp;<\/p>\n<p>&nbsp;<\/p>\n<h5>Fj\u00e4rr\u00f6vervakning och kontroll av bearbetning<\/h5>\n<p>Beh\u00e5ll kontrollen hela tiden! V\u00e5rt fj\u00e4rrstyrningssystem i realtid g\u00f6r att du kan \u00f6vervaka och \u00e5tg\u00e4rda eventuella problem med din produkt och s\u00e4kerst\u00e4lla oavbruten prestanda. <\/p>\n","protected":false},"excerpt":{"rendered":"<p>Med MegaReencle kompostering p\u00e5 plats f\u00f6rvandlar du p\u00e5 endast 24 timmar matavfall till n\u00e4ringsrik kompost samtidigt som du sparar kostnader f\u00f6r avfallshantering. Med den h\u00e4r komposten blir hanteringen av organiskt avfall luktfri och mindre st\u00f6kig. Den h\u00e5ller ocks\u00e5 skadedjur borta fr\u00e5n din \u00e5tervinningsstation.  <\/p>\n<p>&nbsp;<\/p>\n<ul>\n<li>L\u00e4tt att anv\u00e4nda<\/li>\n<li>L\u00e5gt underh\u00e5llsbehov<\/li>\n<li>Luktkontroll<\/li>\n<li>Sj\u00e4lvf\u00f6rs\u00f6rjande koloni av mikrober<\/li>\n<\/ul>\n","protected":false},"featured_media":11228,"comment_status":"closed","ping_status":"closed","template":"","meta":{"_acf_changed":false,"inline_featured_image":false},"product_brand":[],"product_cat":[164,185],"product_tag":[189,188,144,177,187,237,147,190,191],"class_list":{"0":"post-11939","1":"product","2":"type-product","3":"status-publish","4":"has-post-thumbnail","6":"product_cat-kommersiell","7":"product_cat-kompostering","8":"product_tag-30-kg-sv","9":"product_tag-avfall","10":"product_tag-jord","11":"product_tag-kommersiell","12":"product_tag-kompostering","13":"product_tag-kontakta-oss-for-offert","14":"product_tag-matavfall","15":"product_tag-megareencle-sv","16":"product_tag-professionell","18":"first","19":"instock","20":"taxable","21":"shipping-taxable","22":"purchasable","23":"product-type-variable"},"acf":[],"_links":{"self":[{"href":"https:\/\/vetasapiens.com\/sv\/wp-json\/wp\/v2\/product\/11939","targetHints":{"allow":["GET"]}}],"collection":[{"href":"https:\/\/vetasapiens.com\/sv\/wp-json\/wp\/v2\/product"}],"about":[{"href":"https:\/\/vetasapiens.com\/sv\/wp-json\/wp\/v2\/types\/product"}],"replies":[{"embeddable":true,"href":"https:\/\/vetasapiens.com\/sv\/wp-json\/wp\/v2\/comments?post=11939"}],"wp:featuredmedia":[{"embeddable":true,"href":"https:\/\/vetasapiens.com\/sv\/wp-json\/wp\/v2\/media\/11228"}],"wp:attachment":[{"href":"https:\/\/vetasapiens.com\/sv\/wp-json\/wp\/v2\/media?parent=11939"}],"wp:term":[{"taxonomy":"product_brand","embeddable":true,"href":"https:\/\/vetasapiens.com\/sv\/wp-json\/wp\/v2\/product_brand?post=11939"},{"taxonomy":"product_cat","embeddable":true,"href":"https:\/\/vetasapiens.com\/sv\/wp-json\/wp\/v2\/product_cat?post=11939"},{"taxonomy":"product_tag","embeddable":true,"href":"https:\/\/vetasapiens.com\/sv\/wp-json\/wp\/v2\/product_tag?post=11939"}],"curies":[{"name":"wp","href":"https:\/\/api.w.org\/{rel}","templated":true}]}}