{"id":12667,"date":"2025-09-22T13:41:50","date_gmt":"2025-09-22T13:41:50","guid":{"rendered":"https:\/\/vetasapiens.com\/?post_type=product&#038;p=12667"},"modified":"2026-02-09T15:56:11","modified_gmt":"2026-02-09T15:56:11","slug":"reencle-gravity-kokskompost","status":"publish","type":"product","link":"https:\/\/vetasapiens.com\/sv\/produkt\/reencle-gravity-kokskompost\/","title":{"rendered":"Reencle Gravity &#8211; K\u00f6kskompost"},"content":{"rendered":"<h4>Skapad f\u00f6r st\u00f6rre behov<\/h4>\n<p>Oavsett om det \u00e4r en familj som lagar mat varje dag eller ett kontor med en v\u00e4lbes\u00f6kt lunchmatsal, \u00e4r Reencle Gravity byggd f\u00f6r att klara mer. Det \u00e4r bara att l\u00e4gga i ditt matavfall och l\u00e5ta Reencle mikroberna g\u00f6ra jobbet. Ingen lukt, inget spill, ingen v\u00e4ntan. <\/p>\n<ul>\n<li><strong>Total kapacitet:&lt;12 liter<\/strong><\/li>\n<li><strong>Klarar upp till<\/strong> 1,5 kg matrester per dag<\/li>\n<li><strong>Tystare \u00e4n en viskning<\/strong> \u2013 under 24 dB<\/li>\n<li><strong>Luktfri<\/strong> tack vare ett avancerat 3-lagers filtersystem<\/li>\n<li><strong>N\u00e4stan underh\u00e5llsfri <\/strong>\u2013 mikroberna sk\u00f6ter sig sj\u00e4lva<\/li>\n<\/ul>\n<p>&nbsp;<\/p>\n<h4>S\u00e5 funkar det<\/h4>\n<p><strong>Kom ig\u00e5ng<\/strong><br \/>\nTills\u00e4tt kompoststartaren, lite vatten och l\u00e5t mikroberna g\u00f6ra sig hemmastadda<\/p>\n<p><strong>Mata maskinen <\/strong><br \/>Fyll p\u00e5 med dina rester, dag efter dag.<\/p>\n<p><strong>Sk\u00f6rda komposten <\/strong><br \/>T\u00f6m ut n\u00e4ringsrik kompost var 1\u20133 m\u00e5nad och anv\u00e4nd den i rabatten, krukv\u00e4xterna \u2013 eller dela med grannen.<\/p>\n<p>&nbsp;<\/p>\n<p>&nbsp;<\/p>\n<h4>D\u00e4rf\u00f6r ska du v\u00e4lja Reencle Gravity<\/h4>\n<ul>\n<li><strong>Perfekt f\u00f6r b\u00e5de familjer och kontor <\/strong>\u2013 byggd f\u00f6r mer mat, fler m\u00e5ltider, fler m\u00e4nniskor<\/li>\n<li><strong>H\u00e5ller k\u00f6ket fr\u00e4scht \u2013<\/strong> inga illaluktande sopk\u00e4rl eller bananflugor<\/li>\n<li><strong>G\u00f6r h\u00e5llbarhet enkelt \u2013<\/strong> minska avfallet och skapa n\u00e5got v\u00e4rdefullt varje dag<\/li>\n<li><strong>Inte bara f\u00f6r tr\u00e4dg\u00e5rdsfolk <\/strong>\u2013 komposten lyfter balkongodlingen, inomhusv\u00e4xterna eller gemenskapen i ett kvartersland<\/li>\n<\/ul>\n<p><strong> <\/strong><\/p>\n<p>&nbsp;<\/p>\n<h4>Detta ing\u00e5r<\/h4>\n<p>Allt du beh\u00f6ver f\u00f6r att kickstarta<br \/>\ndin komposteringsresa!<\/p>\n<ul>\n<li>Reencle kompost x 1<\/li>\n<li>Kolfilter x 1 (h\u00e5ller 9-12 m\u00e5nader innan du beh\u00f6ver byta)<\/li>\n<li>Kompoststartare x 1<\/li>\n<li>Praktisk spade x 1<\/li>\n<\/ul>\n<p>&nbsp;<\/p>\n<p>Reduce. Reuse. Regrow.  <\/p>\n","protected":false},"excerpt":{"rendered":"<p>Kompostmaskinen f\u00f6r dig som har lite st\u00f6rre behov \u2013 vare sig det g\u00e4ller en familj som lagar mat varje dag, en delad bostad eller ett kontor med m\u00e5nga lunchl\u00e5dor. Med h\u00f6g kapacitet, kn\u00e4pptyst drift och luktfri teknik f\u00f6rvandlar <strong>Reencle Gravity<\/strong> dina matrester till torr, n\u00e4ringsrik kompost p\u00e5 mindre \u00e4n 24 timmar. <\/p>\n<p>&nbsp;<\/p>\n<ul>\n<li>G\u00f6r matavfall till kompost p\u00e5 bara 24 timmar<\/li>\n<li>Minskar volymen p\u00e5 avfallet med upp till 90%\n<\/li>\n<li>Extremt tyst \u2013 bara 24 dB, den tystaste p\u00e5 marknaden<\/li>\n<li>Komposten kan anv\u00e4ndas i din tr\u00e4dg\u00e5rd eller husplantor<\/li>\n<\/ul>\n","protected":false},"featured_media":12655,"comment_status":"open","ping_status":"closed","template":"","meta":{"_acf_changed":false,"inline_featured_image":false},"product_brand":[279],"product_cat":[139,140],"product_tag":[188,300,299,149,142,187,147,154,312],"class_list":{"0":"post-12667","1":"product","2":"type-product","3":"status-publish","4":"has-post-thumbnail","6":"product_brand-reencle-sv","7":"product_cat-matavfall","8":"product_cat-produkter-for-hemmet","9":"product_tag-avfall","10":"product_tag-gravity-sv","11":"product_tag-hemkompost","12":"product_tag-hushall","13":"product_tag-kompost","14":"product_tag-kompostering","15":"product_tag-matavfall","16":"product_tag-reencle-sv","17":"product_tag-refood-sv","19":"first","20":"instock","21":"taxable","22":"shipping-taxable","23":"purchasable","24":"product-type-simple"},"acf":[],"_links":{"self":[{"href":"https:\/\/vetasapiens.com\/sv\/wp-json\/wp\/v2\/product\/12667","targetHints":{"allow":["GET"]}}],"collection":[{"href":"https:\/\/vetasapiens.com\/sv\/wp-json\/wp\/v2\/product"}],"about":[{"href":"https:\/\/vetasapiens.com\/sv\/wp-json\/wp\/v2\/types\/product"}],"replies":[{"embeddable":true,"href":"https:\/\/vetasapiens.com\/sv\/wp-json\/wp\/v2\/comments?post=12667"}],"wp:featuredmedia":[{"embeddable":true,"href":"https:\/\/vetasapiens.com\/sv\/wp-json\/wp\/v2\/media\/12655"}],"wp:attachment":[{"href":"https:\/\/vetasapiens.com\/sv\/wp-json\/wp\/v2\/media?parent=12667"}],"wp:term":[{"taxonomy":"product_brand","embeddable":true,"href":"https:\/\/vetasapiens.com\/sv\/wp-json\/wp\/v2\/product_brand?post=12667"},{"taxonomy":"product_cat","embeddable":true,"href":"https:\/\/vetasapiens.com\/sv\/wp-json\/wp\/v2\/product_cat?post=12667"},{"taxonomy":"product_tag","embeddable":true,"href":"https:\/\/vetasapiens.com\/sv\/wp-json\/wp\/v2\/product_tag?post=12667"}],"curies":[{"name":"wp","href":"https:\/\/api.w.org\/{rel}","templated":true}]}}