{"id":15669,"date":"2026-01-30T09:11:31","date_gmt":"2026-01-30T09:11:31","guid":{"rendered":"https:\/\/vetasapiens.com\/product\/mikrogronsaker-odlingsbox-energy-blend\/"},"modified":"2026-04-15T06:12:41","modified_gmt":"2026-04-15T06:12:41","slug":"mikrogronsaker-odlingsbox-energy-blend","status":"publish","type":"product","link":"https:\/\/vetasapiens.com\/sv\/produkt\/mikrogronsaker-odlingsbox-energy-blend\/","title":{"rendered":"Mikrogr\u00f6nsaker Odlingsbox &#8211; Energy blend"},"content":{"rendered":"<h5>Energy Blend \u00e4r utvecklad f\u00f6r att st\u00f6dja kroppens naturliga energiproduktion och uth\u00e5llighet.<\/h5>\n<p>Ist\u00e4llet f\u00f6r kortvarig stimulans fokuserar denna blend p\u00e5 metabolism, n\u00e4ringstillg\u00e4nglighet och kroppens avgiftningssystem\u2014processer som hj\u00e4lper kroppen att fungera effektivt \u00f6ver tid. Dessa mikrogr\u00f6nt \u00e4r skapade f\u00f6r att komplettera en aktiv livsstil, oavsett om den \u00e4r fysisk, mental eller b\u00e5da. <\/p>\n<p>Microgreens odlingsl\u00e5da g\u00f6r odlingen enkel och \u00e5terkommande. Allt du beh\u00f6ver f\u00f6r tv\u00e5 fulla odlingar ing\u00e5r, s\u00e5 att du alltid har tillg\u00e5ng till f\u00e4rska, funktionella ingredienser. <\/p>\n<p>&nbsp;<\/p>\n<h5>Inneh\u00e5ll<\/h5>\n<p><img loading=\"lazy\" decoding=\"async\" class=\"alignnone wp-image-14387\" src=\"https:\/\/vetasapiens.com\/wp-content\/uploads\/2026\/01\/Energyblend_1@2x.png\" alt=\"\" width=\"245\" height=\"119\"><\/p>\n<h6 data-start=\"1824\" data-end=\"2071\">Broccoli<\/h6>\n<p data-start=\"1824\" data-end=\"2071\">Rik p\u00e5 sulforafan, en kraftfull v\u00e4xtf\u00f6rening kopplad till minskad inflammation och skydd av celler. Sulforafan st\u00f6djer \u00e4ven kroppens avgiftningssystem, vilket \u00e4r viktigt f\u00f6r l\u00e5ngsiktig energi och motst\u00e5ndskraft. <\/p>\n<ul>\n<li data-section-id=\"1hfvbh9\" data-start=\"684\" data-end=\"708\">Rik p\u00e5 sulforafan<\/li>\n<li data-section-id=\"1srpatm\" data-start=\"709\" data-end=\"763\">St\u00f6djer kroppens naturliga avgiftningsprocesser<\/li>\n<li data-section-id=\"q21v24\" data-start=\"764\" data-end=\"829\">Kopplad till minskad inflammation och f\u00f6rb\u00e4ttrad cellfunktion<\/li>\n<\/ul>\n<h6 data-start=\"2073\" data-end=\"2267\">R\u00f6d r\u00e4disa<\/h6>\n<p data-start=\"2073\" data-end=\"2267\">Inneh\u00e5ller h\u00f6ga niv\u00e5er av fyton\u00e4rings\u00e4mnen som st\u00f6djer kroppens avgiftningssystem. Effektiv avgiftning minskar belastningen p\u00e5 kroppen och g\u00f6r att energisystemen kan arbeta mer effektivt. <\/p>\n<ul>\n<li data-section-id=\"i19ts8\" data-start=\"848\" data-end=\"891\">Rik p\u00e5 antioxidanter och fyton\u00e4rings\u00e4mnen<\/li>\n<li data-section-id=\"1485h55\" data-start=\"892\" data-end=\"929\">Kan st\u00f6dja leverns avgiftningsprocesser<\/li>\n<li data-section-id=\"hxsqro\" data-start=\"930\" data-end=\"983\">Bidrar till cirkulation och metabolism<\/li>\n<\/ul>\n<h6 data-start=\"2269\" data-end=\"2466\">Gr\u00f6n r\u00e4disa<\/h6>\n<p data-start=\"2269\" data-end=\"2466\">En naturlig k\u00e4lla till vitamin C, som bidrar till normal energioms\u00e4ttning och hj\u00e4lper till att minska tr\u00f6tthet. Vitamin C st\u00f6djer \u00e4ven immunf\u00f6rsvaret vid fysisk och mental belastning. <\/p>\n<ul>\n<li data-section-id=\"1dl6sw8\" data-start=\"1004\" data-end=\"1026\">Inneh\u00e5ller vitamin C<\/li>\n<li data-section-id=\"1fq1gk1\" data-start=\"1027\" data-end=\"1070\">Bidrar till normal energioms\u00e4ttning<\/li>\n<li data-section-id=\"1meckrf\" data-start=\"1071\" data-end=\"1126\">Hj\u00e4lper till att minska tr\u00f6tthet och st\u00f6djer immunf\u00f6rsvaret<\/li>\n<\/ul>\n<p>&nbsp;<\/p>\n<p><strong>V\u00e4xttid:<\/strong> ca 10 dagar<br \/>\n<strong>Anv\u00e4nds b\u00e4st som:<\/strong> dagligt n\u00e4ringstillskott, topping, smoothieingrediens<\/p>\n<p>&nbsp;<\/p>\n<h5>Odla tv\u00e5 g\u00e5nger. Allt ing\u00e5r <\/h5>\n<p data-start=\"1248\" data-end=\"1340\">Varje Microgreens odlingsl\u00e5da inneh\u00e5ller allt du beh\u00f6ver f\u00f6r att odla tv\u00e5 fulla omg\u00e5ngar mikrogr\u00f6nt.<\/p>\n<p data-start=\"1342\" data-end=\"1357\">L\u00e5dan inneh\u00e5ller:<\/p>\n<ul data-start=\"1358\" data-end=\"1420\">\n<li data-start=\"1358\" data-end=\"1382\">\n<p data-start=\"1360\" data-end=\"1382\"><strong data-start=\"1360\" data-end=\"1380\">6 odlingsmattor<\/strong><\/p>\n<\/li>\n<li data-start=\"1383\" data-end=\"1420\">\n<p data-start=\"1385\" data-end=\"1420\"><strong data-start=\"1385\" data-end=\"1400\">6 fr\u00f6p\u00e5sar <\/strong>(2 av varje sort)<\/p>\n<\/li>\n<\/ul>\n<p data-start=\"1422\" data-end=\"1541\">Varje odling anv\u00e4nder upp till <strong data-start=\"1443\" data-end=\"1463\">3 mattor<\/strong>, vilket g\u00f6r att du kan odla tv\u00e5 g\u00e5nger med inneh\u00e5llet i l\u00e5dan.<\/p>\n<p data-start=\"1543\" data-end=\"1612\">After harvest, compost the used mats, rinse the box, and start again.<\/p>\n<p data-start=\"1614\" data-end=\"1645\">Inga p\u00e5fyllningar. Inga extra k\u00f6p. <\/p>\n<p data-start=\"1998\" data-end=\"2055\">\n","protected":false},"excerpt":{"rendered":"<h6>Odla din h\u00e4lsa<\/h6>\n<p>St\u00f6d f\u00f6r avgiftning, cellul\u00e4r energi och motst\u00e5ndskraft<br \/>\nDenna mix inneh\u00e5ller mikrogr\u00f6nt kopplat till kroppens avgiftningsprocesser, minskad inflammation och vitamin C, centrala faktorer f\u00f6r stabil energi och \u00e5terh\u00e4mtning \u00f6ver tid.<\/p>\n<p>Microgreens odlingsl\u00e5da g\u00f6r det enkelt att odla f\u00e4rska, n\u00e4ringst\u00e4ta mikrogreens hemma.<br \/>Det h\u00e4r \u00e4r inte m\u00e5ltider, utan kraftfulla ingredienser och dagliga tillskott, odlade f\u00e4rska, fulla av smak och enkla att anv\u00e4nda i din vardag. <\/p>\n","protected":false},"featured_media":14360,"comment_status":"open","ping_status":"closed","template":"","meta":{"_acf_changed":false,"inline_featured_image":false},"product_brand":[369],"product_cat":[370,351],"product_tag":[376,383,375,372,378,371,373,312,374,377,161],"class_list":{"0":"post-15669","1":"product","2":"type-product","3":"status-publish","4":"has-post-thumbnail","6":"product_brand-green-city-farming","7":"product_cat-mikrogronsaker","8":"product_cat-refood","9":"product_tag-box","10":"product_tag-energy","11":"product_tag-hallbart","12":"product_tag-halsa","13":"product_tag-magen","14":"product_tag-mikrogronsaker","15":"product_tag-plant","16":"product_tag-refood-sv","17":"product_tag-sallad","18":"product_tag-styrka","19":"product_tag-vaxande","21":"first","22":"outofstock","23":"taxable","24":"shipping-taxable","25":"purchasable","26":"product-type-simple"},"acf":[],"_links":{"self":[{"href":"https:\/\/vetasapiens.com\/sv\/wp-json\/wp\/v2\/product\/15669","targetHints":{"allow":["GET"]}}],"collection":[{"href":"https:\/\/vetasapiens.com\/sv\/wp-json\/wp\/v2\/product"}],"about":[{"href":"https:\/\/vetasapiens.com\/sv\/wp-json\/wp\/v2\/types\/product"}],"replies":[{"embeddable":true,"href":"https:\/\/vetasapiens.com\/sv\/wp-json\/wp\/v2\/comments?post=15669"}],"wp:featuredmedia":[{"embeddable":true,"href":"https:\/\/vetasapiens.com\/sv\/wp-json\/wp\/v2\/media\/14360"}],"wp:attachment":[{"href":"https:\/\/vetasapiens.com\/sv\/wp-json\/wp\/v2\/media?parent=15669"}],"wp:term":[{"taxonomy":"product_brand","embeddable":true,"href":"https:\/\/vetasapiens.com\/sv\/wp-json\/wp\/v2\/product_brand?post=15669"},{"taxonomy":"product_cat","embeddable":true,"href":"https:\/\/vetasapiens.com\/sv\/wp-json\/wp\/v2\/product_cat?post=15669"},{"taxonomy":"product_tag","embeddable":true,"href":"https:\/\/vetasapiens.com\/sv\/wp-json\/wp\/v2\/product_tag?post=15669"}],"curies":[{"name":"wp","href":"https:\/\/api.w.org\/{rel}","templated":true}]}}