{"id":15670,"date":"2026-01-29T15:10:05","date_gmt":"2026-01-29T15:10:05","guid":{"rendered":"https:\/\/vetasapiens.com\/product\/mikrogronsaker-odlingsbox-brain-blend\/"},"modified":"2026-04-15T07:03:42","modified_gmt":"2026-04-15T07:03:42","slug":"mikrogronsaker-odlingsbox-brain-blend","status":"publish","type":"product","link":"https:\/\/vetasapiens.com\/sv\/produkt\/mikrogronsaker-odlingsbox-brain-blend\/","title":{"rendered":"Mikrogr\u00f6nsaker odlingsl\u00e5da &#8211; Brain blend"},"content":{"rendered":"<h5>Brain Blend \u00e4r utvecklad f\u00f6r att st\u00f6dja mental prestation och l\u00e5ngsiktig hj\u00e4rnh\u00e4lsa genom naturligt f\u00f6rekommande v\u00e4xt\u00e4mnen.<\/h5>\n<p>Ist\u00e4llet f\u00f6r kortvarig stimulans fokuserar denna blend p\u00e5 cirkulation, syretillf\u00f6rsel och cellul\u00e4rt skydd\u2014grundl\u00e4ggande faktorer f\u00f6r kognitiv funktion. Mikrogr\u00f6ntet odlas f\u00e4rskt hemma och \u00e4r enkelt att integrera i m\u00e5ltider under dagen. <\/p>\n<p>Microgreen Box inneh\u00e5ller allt du beh\u00f6ver f\u00f6r att odla tv\u00e5 g\u00e5nger, utan tidigare erfarenhet. Du odlar inte m\u00e5ltider utan ingredienser. Sm\u00e5 tillskott som \u00f6ver tid st\u00f6djer hur du t\u00e4nker, fokuserar och presterar. <\/p>\n<p>&nbsp;<\/p>\n<p>&nbsp;<\/p>\n<h5>Inneh\u00e5ll<\/h5>\n<p><img loading=\"lazy\" decoding=\"async\" class=\"alignnone wp-image-14383\" src=\"https:\/\/vetasapiens.com\/wp-content\/uploads\/2026\/01\/Brainblend_1@2x.png\" alt=\"\" width=\"194\" height=\"87\"><\/p>\n<h6 data-start=\"668\" data-end=\"900\">Senap<\/h6>\n<p data-start=\"668\" data-end=\"900\">Inneh\u00e5ller sinigrin, en naturligt f\u00f6rekommande f\u00f6rening kopplad till f\u00f6rb\u00e4ttrad blodcirkulation. God cirkulation st\u00f6djer syre- och n\u00e4ringstillf\u00f6rsel till hj\u00e4rnan, vilket \u00e4r viktigt f\u00f6r mental klarhet och uth\u00e5lligt fokus. <\/p>\n<ul>\n<li data-section-id=\"g97s3e\" data-start=\"166\" data-end=\"214\">Inneh\u00e5ller glukosinolater (inklusive sinigrin)<\/li>\n<li data-section-id=\"15k970i\" data-start=\"215\" data-end=\"256\">Kan st\u00f6dja en h\u00e4lsosam blodcirkulation<\/li>\n<li data-section-id=\"ixt9kx\" data-start=\"257\" data-end=\"317\">Bidrar till syre- och n\u00e4ringstillf\u00f6rsel till hj\u00e4rnan<\/li>\n<\/ul>\n<h6 data-start=\"902\" data-end=\"1107\">Gr\u00f6nk\u00e5l<\/h6>\n<p data-start=\"902\" data-end=\"1107\">Rik p\u00e5 lutein, en karotenoid kopplad till kognitiv prestation och hj\u00e4rnh\u00e4lsa. Lutein ansamlas i hj\u00e4rnv\u00e4vnad och associeras med minne, bearbetningshastighet och \u00f6vergripande kognitiv funktion. <\/p>\n<ul>\n<li data-section-id=\"k2i09c\" data-start=\"330\" data-end=\"362\">Rik p\u00e5 lutein och vitamin K<\/li>\n<li data-section-id=\"1cc7rkg\" data-start=\"363\" data-end=\"412\">Kopplad till kognitiv funktion och minne<\/li>\n<li data-section-id=\"dvzdtn\" data-start=\"413\" data-end=\"468\">Inneh\u00e5ller antioxidanter som skyddar hj\u00e4rnceller<\/li>\n<\/ul>\n<h6 data-start=\"1109\" data-end=\"1310\">Sm\u00f6rg\u00e5skrasse<\/h6>\n<p data-start=\"1109\" data-end=\"1310\">Snabbv\u00e4xande mikrogr\u00f6nt rik p\u00e5 vitamin C, j\u00e4rn och antioxidanter. St\u00f6djer syretransport i blodet och bidrar till energi och fokus, samtidigt som den tillf\u00f6r en frisk, l\u00e4tt pepprig smak. <\/p>\n<ul>\n<li data-section-id=\"106xqft\" data-start=\"489\" data-end=\"520\">Inneh\u00e5ller j\u00e4rn och vitamin C<\/li>\n<li data-section-id=\"z9vncx\" data-start=\"521\" data-end=\"563\">St\u00f6djer syretransport i blodet<\/li>\n<li data-section-id=\"h92o29\" data-start=\"564\" data-end=\"606\">Bidrar till mental energi och fokus<\/li>\n<\/ul>\n<p>&nbsp;<\/p>\n<p><strong>V\u00e4xttid:<\/strong> ca 10 dagar<br \/>\n<strong>Anv\u00e4nds b\u00e4st som:<\/strong> dagligt n\u00e4ringstillskott, topping, smoothieingrediens<\/p>\n<p>&nbsp;<\/p>\n<h5>Odla tv\u00e5 g\u00e5nger. Allt ing\u00e5r <\/h5>\n<p data-start=\"1248\" data-end=\"1340\">Varje Microgreens odlingsl\u00e5da inneh\u00e5ller allt du beh\u00f6ver f\u00f6r att odla tv\u00e5 fulla omg\u00e5ngar mikrogr\u00f6nt.<\/p>\n<p data-start=\"1342\" data-end=\"1357\">L\u00e5dan inneh\u00e5ller:<\/p>\n<ul data-start=\"1358\" data-end=\"1420\">\n<li data-start=\"1358\" data-end=\"1382\">\n<p data-start=\"1360\" data-end=\"1382\"><strong data-start=\"1360\" data-end=\"1380\">6 odlingsmattor<\/strong><\/p>\n<\/li>\n<li data-start=\"1383\" data-end=\"1420\">\n<p data-start=\"1385\" data-end=\"1420\"><strong data-start=\"1385\" data-end=\"1400\">6 fr\u00f6p\u00e5sar <\/strong>(2 av varje sort)<\/p>\n<\/li>\n<\/ul>\n<p data-start=\"1422\" data-end=\"1541\">Varje odling anv\u00e4nder upp till <strong data-start=\"1443\" data-end=\"1463\">3 mattor<\/strong>, vilket g\u00f6r att du kan odla tv\u00e5 g\u00e5nger med inneh\u00e5llet i l\u00e5dan.<\/p>\n<p data-start=\"1543\" data-end=\"1612\">After harvest, compost the used mats, rinse the box, and start again.<\/p>\n<p data-start=\"1614\" data-end=\"1645\">Inga p\u00e5fyllningar. Inga extra k\u00f6p. <\/p>\n<p data-start=\"1998\" data-end=\"2055\">\n","protected":false},"excerpt":{"rendered":"<h6>Odla din h\u00e4lsa<\/h6>\n<p>Odla f\u00e4rska mikrogr\u00f6nt utvecklade f\u00f6r att st\u00f6dja fokus och hj\u00e4rnh\u00e4lsa.<br \/>\nBrain Blend g\u00f6r det enkelt att tillf\u00f6ra n\u00e4ringst\u00e4ta ingredienser i din dagliga rutin\u2014f\u00e4rskt, enkelt och odlat av dig.<\/p>\n<p>Microgreens odlingsl\u00e5da g\u00f6r det enkelt att odla f\u00e4rska, n\u00e4ringst\u00e4ta mikrogreens hemma.<br \/>Det h\u00e4r \u00e4r inte m\u00e5ltider, utan kraftfulla ingredienser och dagliga tillskott, odlade f\u00e4rska, fulla av smak och enkla att anv\u00e4nda i din vardag. <\/p>\n","protected":false},"featured_media":14368,"comment_status":"open","ping_status":"closed","template":"","meta":{"_acf_changed":false,"inline_featured_image":false},"product_brand":[369],"product_cat":[370,351],"product_tag":[376,384,385,375,372,371,373,312,374,161],"class_list":{"0":"post-15670","1":"product","2":"type-product","3":"status-publish","4":"has-post-thumbnail","6":"product_brand-green-city-farming","7":"product_cat-mikrogronsaker","8":"product_cat-refood","9":"product_tag-box","10":"product_tag-brain","11":"product_tag-fokus","12":"product_tag-hallbart","13":"product_tag-halsa","14":"product_tag-mikrogronsaker","15":"product_tag-plant","16":"product_tag-refood-sv","17":"product_tag-sallad","18":"product_tag-vaxande","20":"first","21":"outofstock","22":"taxable","23":"shipping-taxable","24":"purchasable","25":"product-type-simple"},"acf":[],"_links":{"self":[{"href":"https:\/\/vetasapiens.com\/sv\/wp-json\/wp\/v2\/product\/15670","targetHints":{"allow":["GET"]}}],"collection":[{"href":"https:\/\/vetasapiens.com\/sv\/wp-json\/wp\/v2\/product"}],"about":[{"href":"https:\/\/vetasapiens.com\/sv\/wp-json\/wp\/v2\/types\/product"}],"replies":[{"embeddable":true,"href":"https:\/\/vetasapiens.com\/sv\/wp-json\/wp\/v2\/comments?post=15670"}],"wp:featuredmedia":[{"embeddable":true,"href":"https:\/\/vetasapiens.com\/sv\/wp-json\/wp\/v2\/media\/14368"}],"wp:attachment":[{"href":"https:\/\/vetasapiens.com\/sv\/wp-json\/wp\/v2\/media?parent=15670"}],"wp:term":[{"taxonomy":"product_brand","embeddable":true,"href":"https:\/\/vetasapiens.com\/sv\/wp-json\/wp\/v2\/product_brand?post=15670"},{"taxonomy":"product_cat","embeddable":true,"href":"https:\/\/vetasapiens.com\/sv\/wp-json\/wp\/v2\/product_cat?post=15670"},{"taxonomy":"product_tag","embeddable":true,"href":"https:\/\/vetasapiens.com\/sv\/wp-json\/wp\/v2\/product_tag?post=15670"}],"curies":[{"name":"wp","href":"https:\/\/api.w.org\/{rel}","templated":true}]}}