{"id":5713,"date":"2024-10-16T12:12:23","date_gmt":"2024-10-16T12:12:23","guid":{"rendered":"https:\/\/vetasapiens.com\/product\/reencle-prime-kompoststartare\/"},"modified":"2026-04-01T19:17:20","modified_gmt":"2026-04-01T19:17:20","slug":"reencle-prime-kompoststartare","status":"publish","type":"product","link":"https:\/\/vetasapiens.com\/sv\/produkt\/reencle-prime-kompoststartare\/","title":{"rendered":"Reencle Prime &#8211; Startpaket"},"content":{"rendered":"<h4>Automatisk kompostmaskin &#8211; Det nya s\u00e4ttet att kompostera<\/h4>\n<p><img loading=\"lazy\" decoding=\"async\" class=\"alignnone size-medium wp-image-5292\" src=\"https:\/\/vetasapiens.com\/wp-content\/uploads\/2024\/10\/compost--500x281.png\" alt=\"\" width=\"500\" height=\"281\"><\/p>\n<p>Reencle anv\u00e4nder en naturlig aerobisk process och mikroorganismer f\u00f6r att bryta ner dina matrester. Processen \u00e4r lika enkel som genial, dina matrester bryts ned till organiskt material som kallas kompost. Kompost \u00e4r n\u00e4ringsrik och kan blandas med jord f\u00f6r att hj\u00e4lpa v\u00e4xter att blomstra och ger en m\u00e4ngd f\u00f6rdelar f\u00f6r din jord och tr\u00e4dg\u00e5rd.  <\/p>\n<p>&nbsp;<\/p>\n<h4>Mikroorganismer \u00e4r en levande varelse<\/h4>\n<p>Mikroberna effektiviserar hela processen!<br \/>\nDe kommer snabbt och enkelt g\u00f6ra dina matrester till n\u00e4ringsrik kompost. <\/p>\n<ol>\n<li>Mikroberna m\u00e5r som b\u00e4st n\u00e4r du stoppar in varierat avfall i din Reencle.<\/li>\n<li>Det \u00e4r rekommenderat att du h\u00e5ller dig under 1kg matavfall per dag.<\/li>\n<li>Sk\u00e4r fiberrika gr\u00f6nsaker som bananskal, vattenmelonskal och r\u00e5a gr\u00f6nsaker i bitar f\u00f6r b\u00e4ttre nedbrytning!<\/li>\n<\/ol>\n<p>&nbsp;<\/p>\n<h5>inng\u00e5r i f\u00f6rpackningen.<\/h5>\n<p><strong>Aktivt kol<\/strong><\/p>\n<p>Skapa ett blomstrande ekosystem f\u00f6r mikroorganismer att frodas i genom att simulera deras naturliga milj\u00f6 med kolrika pellets i kompoststarten.<\/p>\n<p><strong>Tr\u00e4pellets<\/strong><\/p>\n<p>\u00d6ka effekten av din kompostering med f\u00f6rb\u00e4ttrat luftfl\u00f6de, optimal fuktkontroll, och \u00f6kad volym av kompost som produceras.<\/p>\n<p><strong>Mikrober<\/strong><\/p>\n<p>K\u00e4rnan i hela Reencles kompostering \u00e4r v\u00e5ra patenterade mikrober. De bryter enkelt ned ditt matavfall och revolutionerar hela processen. \u00c4ven om ditt matavfall inneh\u00e5ller mycket salt.  <\/p>\n<p><strong>Glukos<\/strong><\/p>\n<p>Glukos kickstartar den mikroba processen, f\u00f6r att se till att din kompost f\u00e5r b\u00e4sta m\u00f6jliga f\u00f6ruts\u00e4ttningarna.<\/p>\n<p>&nbsp;<\/p>\n<p>Reduce. Reuse. Regrow.  <\/p>\n","protected":false},"excerpt":{"rendered":"<p>Sj\u00e4lvf\u00f6rs\u00f6rjande ReencleMicrobe startpaket<\/p>\n<p>Inneh\u00e5ller en p\u00e5se ReencleMicrobe\u2122.<\/p>\n<p><strong>OBS!:<\/strong> Detta startpaket ing\u00e5r n\u00e4r du k\u00f6per en Reencle kompostmaskin. Du beh\u00f6ver endast k\u00f6pa ett extra startpaket om din komposteringsprocess slutat att fungera. <\/p>\n","protected":false},"featured_media":11234,"comment_status":"closed","ping_status":"closed","template":"","meta":{"_acf_changed":false,"inline_featured_image":false},"product_brand":[279],"product_cat":[136],"product_tag":[145,153,148,149,144,142,143,187,147,150,151,155,152,154],"class_list":{"0":"post-5713","1":"product","2":"type-product","3":"status-publish","4":"has-post-thumbnail","6":"product_brand-reencle-sv","7":"product_cat-okategoriserad","8":"product_tag-effektiv","9":"product_tag-helt","10":"product_tag-hem","11":"product_tag-hushall","12":"product_tag-jord","13":"product_tag-kompost","14":"product_tag-komposterare","15":"product_tag-kompostering","16":"product_tag-matavfall","17":"product_tag-mikrob","18":"product_tag-mikroorganismer","19":"product_tag-pafyllning","20":"product_tag-prime-sv","21":"product_tag-reencle-sv","23":"first","24":"instock","25":"taxable","26":"shipping-taxable","27":"purchasable","28":"product-type-simple"},"acf":[],"_links":{"self":[{"href":"https:\/\/vetasapiens.com\/sv\/wp-json\/wp\/v2\/product\/5713","targetHints":{"allow":["GET"]}}],"collection":[{"href":"https:\/\/vetasapiens.com\/sv\/wp-json\/wp\/v2\/product"}],"about":[{"href":"https:\/\/vetasapiens.com\/sv\/wp-json\/wp\/v2\/types\/product"}],"replies":[{"embeddable":true,"href":"https:\/\/vetasapiens.com\/sv\/wp-json\/wp\/v2\/comments?post=5713"}],"wp:featuredmedia":[{"embeddable":true,"href":"https:\/\/vetasapiens.com\/sv\/wp-json\/wp\/v2\/media\/11234"}],"wp:attachment":[{"href":"https:\/\/vetasapiens.com\/sv\/wp-json\/wp\/v2\/media?parent=5713"}],"wp:term":[{"taxonomy":"product_brand","embeddable":true,"href":"https:\/\/vetasapiens.com\/sv\/wp-json\/wp\/v2\/product_brand?post=5713"},{"taxonomy":"product_cat","embeddable":true,"href":"https:\/\/vetasapiens.com\/sv\/wp-json\/wp\/v2\/product_cat?post=5713"},{"taxonomy":"product_tag","embeddable":true,"href":"https:\/\/vetasapiens.com\/sv\/wp-json\/wp\/v2\/product_tag?post=5713"}],"curies":[{"name":"wp","href":"https:\/\/api.w.org\/{rel}","templated":true}]}}