{"id":5714,"date":"2024-10-02T13:20:57","date_gmt":"2024-10-02T13:20:57","guid":{"rendered":"https:\/\/vetasapiens.com\/product\/natede-smart-naturlig-luftrenare\/"},"modified":"2025-02-27T15:51:57","modified_gmt":"2025-02-27T15:51:57","slug":"natede-smart-naturlig-luftrenare","status":"publish","type":"product","link":"https:\/\/vetasapiens.com\/sv\/produkt\/natede-smart-naturlig-luftrenare\/","title":{"rendered":"Natede Smart &#8211; Naturlig luftrenare"},"content":{"rendered":"<div class=\"card__content__title\" data-v-1de3fb47=\"\">\n<h5>\n              <span class=\"h5\">Ta bort lukter<\/span><br \/>\n            <\/h5>\n<\/p><\/div>\n<div class=\"card__content__text\" data-v-1de3fb47=\"\">\n<p>Natedes fotokatalytiska teknik tar in den omgivande luften genom en tyst fl\u00e4kt och eliminerar d\u00e5lig lukt.<\/p>\n<div class=\"card__content__title\" data-v-1de3fb47=\"\">\n<h5><span class=\"h4\">Minskar VOC, virus, bakterier och PM 2,5<\/span><\/h5>\n<\/div>\n<div class=\"card__content__text\" data-v-1de3fb47=\"\">\n<p>Giftiga \u00e4mnen elimineras p\u00e5 molekyl\u00e4r niv\u00e5, inte bara samlas upp i filtret!<\/p>\n<div class=\"card__content__title\" data-v-1de3fb47=\"\">\n<div class=\"card__content__title\" data-v-1de3fb47=\"\">\n<h5><span class=\"h4\">\u00d6vervakar luftkvaliteten<\/span><\/h5>\n<\/div>\n<div class=\"card__content__text\" data-v-1de3fb47=\"\">\n<p>Tack vare sensorer av h\u00f6g kvalitet \u00f6vervakar Natede temperatur, luftfuktighet, VOC, PM 2,5 och CO2.<\/p>\n<\/div>\n<\/div>\n<div class=\"card__content__text\" data-v-1de3fb47=\"\">\n<p><iframe loading=\"lazy\" title=\"How does Natede Smart work?\" width=\"800\" height=\"450\" src=\"https:\/\/www.youtube.com\/embed\/ywCD6UHuOGo?feature=oembed\" frameborder=\"0\" allow=\"accelerometer; autoplay; clipboard-write; encrypted-media; gyroscope; picture-in-picture; web-share\" referrerpolicy=\"strict-origin-when-cross-origin\" allowfullscreen><\/iframe><\/p>\n<div class=\"card__content__title\" data-v-1de3fb47=\"\">\n<h5><span class=\"h4\">Tv\u00e4ttbart och \u00e5teranv\u00e4ndbart filter<\/span><\/h5>\n<\/div>\n<div class=\"card__content__text\" data-v-1de3fb47=\"\">\n<p>P\u00e5 5 \u00e5r med en HEPA-luftrenare spenderar du \u00f6ver 5000 kronor p\u00e5 filter. Med Natede beh\u00f6ver du bara sk\u00f6lja filtret under rinnande vatten. <\/p>\n<div class=\"card__content__title\" data-v-1de3fb47=\"\">\n<h5><span class=\"h4\">1L sj\u00e4lvvattnande system f\u00f6r din anl\u00e4ggning<\/span><\/h5>\n<\/div>\n<div class=\"card__content__text\" data-v-1de3fb47=\"\">\n<p>Du beh\u00f6ver inte l\u00e4ngre oroa dig f\u00f6r att st\u00e4ndigt vattna din v\u00e4xt. Med Natedes tank har du alltid ett vattenf\u00f6rr\u00e5d p\u00e5 upp till 1 liter. <\/p>\n<\/div>\n<div class=\"card__content__title\" data-v-1de3fb47=\"\">\n<h5><img loading=\"lazy\" decoding=\"async\" class=\"alignnone wp-image-3384\" src=\"https:\/\/vetasapiens.com\/wp-content\/uploads\/2024\/10\/Zqy1EB5LeNNTxwPm_Group1310-500x311.avif\" alt=\"\" width=\"330\" height=\"205\" srcset=\"https:\/\/vetasapiens.com\/wp-content\/uploads\/2024\/10\/Zqy1EB5LeNNTxwPm_Group1310-500x311.avif 500w, https:\/\/vetasapiens.com\/wp-content\/uploads\/2024\/10\/Zqy1EB5LeNNTxwPm_Group1310-1024x636.avif 1024w, https:\/\/vetasapiens.com\/wp-content\/uploads\/2024\/10\/Zqy1EB5LeNNTxwPm_Group1310-768x477.avif 768w, https:\/\/vetasapiens.com\/wp-content\/uploads\/2024\/10\/Zqy1EB5LeNNTxwPm_Group1310-600x373.avif 600w, https:\/\/vetasapiens.com\/wp-content\/uploads\/2024\/10\/Zqy1EB5LeNNTxwPm_Group1310.avif 1440w\" sizes=\"auto, (max-width: 330px) 100vw, 330px\" \/><\/h5>\n<h5><span class=\"h4\">Anslut till Vitesy Hub-appen<\/span><\/h5>\n<\/div>\n<div class=\"card__content__text\" data-v-1de3fb47=\"\">\n<p>Anslut Natede Smart till Vitesy Hub-appen och de digitala assistenterna Google Home och Amazon Alexa f\u00f6r att \u00f6vervaka luftkvaliteten.<\/p>\n<\/div>\n<\/div>\n<\/div>\n<\/div>\n<\/div>\n","protected":false},"excerpt":{"rendered":"<p>Natede Smart \u00e4r en naturlig luftrenare med ett \u00f6vervakningssystem som anv\u00e4nder v\u00e4xternas kraft och teknik f\u00f6r att avl\u00e4gsna virus, bakterier, fint damm, VOC och lukter fr\u00e5n inomhusluften.<\/p>\n","protected":false},"featured_media":9146,"comment_status":"closed","ping_status":"closed","template":"","meta":{"_acf_changed":false,"inline_featured_image":false},"product_brand":[280],"product_cat":[156,140],"product_tag":[148,149,237,162,159,160,158,163,161,157],"class_list":{"0":"post-5714","1":"product","2":"type-product","3":"status-publish","4":"has-post-thumbnail","6":"product_brand-vitesy-sv","7":"product_cat-luftrenare","8":"product_cat-produkter-for-hemmet","9":"product_tag-hem","10":"product_tag-hushall","11":"product_tag-kontakta-oss-for-offert","12":"product_tag-luft","13":"product_tag-naturlig","14":"product_tag-plantering","15":"product_tag-renare","16":"product_tag-smart-sv","17":"product_tag-vaxande","18":"product_tag-vitesy-sv","20":"first","21":"outofstock","22":"taxable","23":"shipping-taxable","24":"purchasable","25":"product-type-simple"},"acf":[],"_links":{"self":[{"href":"https:\/\/vetasapiens.com\/sv\/wp-json\/wp\/v2\/product\/5714","targetHints":{"allow":["GET"]}}],"collection":[{"href":"https:\/\/vetasapiens.com\/sv\/wp-json\/wp\/v2\/product"}],"about":[{"href":"https:\/\/vetasapiens.com\/sv\/wp-json\/wp\/v2\/types\/product"}],"replies":[{"embeddable":true,"href":"https:\/\/vetasapiens.com\/sv\/wp-json\/wp\/v2\/comments?post=5714"}],"wp:featuredmedia":[{"embeddable":true,"href":"https:\/\/vetasapiens.com\/sv\/wp-json\/wp\/v2\/media\/9146"}],"wp:attachment":[{"href":"https:\/\/vetasapiens.com\/sv\/wp-json\/wp\/v2\/media?parent=5714"}],"wp:term":[{"taxonomy":"product_brand","embeddable":true,"href":"https:\/\/vetasapiens.com\/sv\/wp-json\/wp\/v2\/product_brand?post=5714"},{"taxonomy":"product_cat","embeddable":true,"href":"https:\/\/vetasapiens.com\/sv\/wp-json\/wp\/v2\/product_cat?post=5714"},{"taxonomy":"product_tag","embeddable":true,"href":"https:\/\/vetasapiens.com\/sv\/wp-json\/wp\/v2\/product_tag?post=5714"}],"curies":[{"name":"wp","href":"https:\/\/api.w.org\/{rel}","templated":true}]}}