{"id":5715,"date":"2024-09-30T11:29:26","date_gmt":"2024-09-30T11:29:26","guid":{"rendered":"https:\/\/vetasapiens.com\/product\/brainlit-bifrost\/"},"modified":"2025-02-27T15:51:25","modified_gmt":"2025-02-27T15:51:25","slug":"brainlit-bifrost","status":"publish","type":"product","link":"https:\/\/vetasapiens.com\/sv\/produkt\/brainlit-bifrost\/","title":{"rendered":"BrainLit &#8211; Bifrost"},"content":{"rendered":"<p>BrainLit Bifrost \u00e4r en medelstor, dynamisk, inf\u00e4lld LED-downlight som ger liv och kontrast till alla rum. Den ger balans till den k\u00e4nslom\u00e4ssiga upplevelsen av ett utrymme.<\/p>\n","protected":false},"excerpt":{"rendered":"<p>BrainLit Bifrost \u00e4r en medelstor, dynamisk, inf\u00e4lld LED-downlight som ger liv och kontrast till alla rum. Den ger balans till den k\u00e4nslom\u00e4ssiga upplevelsen av ett utrymme.<\/p>\n","protected":false},"featured_media":5528,"comment_status":"open","ping_status":"closed","template":"","meta":{"_acf_changed":false,"inline_featured_image":false},"product_brand":[282],"product_cat":[165,164],"product_tag":[170,167,169,168,166,237,171,191,172],"class_list":{"0":"post-5715","1":"product","2":"type-product","3":"status-publish","4":"has-post-thumbnail","6":"product_brand-brainlit-sv","7":"product_cat-belysning","8":"product_cat-kommersiell","9":"product_tag-armatur","10":"product_tag-belysning","11":"product_tag-dygnsrytmljus","12":"product_tag-fritt-staende","13":"product_tag-hjarnan","14":"product_tag-kontakta-oss-for-offert","15":"product_tag-led-sv","16":"product_tag-professionell","17":"product_tag-spotlight-sv","19":"first","20":"outofstock","21":"taxable","22":"shipping-taxable","23":"product-type-simple"},"acf":[],"_links":{"self":[{"href":"https:\/\/vetasapiens.com\/sv\/wp-json\/wp\/v2\/product\/5715","targetHints":{"allow":["GET"]}}],"collection":[{"href":"https:\/\/vetasapiens.com\/sv\/wp-json\/wp\/v2\/product"}],"about":[{"href":"https:\/\/vetasapiens.com\/sv\/wp-json\/wp\/v2\/types\/product"}],"replies":[{"embeddable":true,"href":"https:\/\/vetasapiens.com\/sv\/wp-json\/wp\/v2\/comments?post=5715"}],"wp:featuredmedia":[{"embeddable":true,"href":"https:\/\/vetasapiens.com\/sv\/wp-json\/wp\/v2\/media\/5528"}],"wp:attachment":[{"href":"https:\/\/vetasapiens.com\/sv\/wp-json\/wp\/v2\/media?parent=5715"}],"wp:term":[{"taxonomy":"product_brand","embeddable":true,"href":"https:\/\/vetasapiens.com\/sv\/wp-json\/wp\/v2\/product_brand?post=5715"},{"taxonomy":"product_cat","embeddable":true,"href":"https:\/\/vetasapiens.com\/sv\/wp-json\/wp\/v2\/product_cat?post=5715"},{"taxonomy":"product_tag","embeddable":true,"href":"https:\/\/vetasapiens.com\/sv\/wp-json\/wp\/v2\/product_tag?post=5715"}],"curies":[{"name":"wp","href":"https:\/\/api.w.org\/{rel}","templated":true}]}}