{"id":5716,"date":"2024-10-02T11:03:40","date_gmt":"2024-10-02T11:03:40","guid":{"rendered":"https:\/\/vetasapiens.com\/product\/natede-naturlig-luftrenare\/"},"modified":"2025-02-27T15:51:56","modified_gmt":"2025-02-27T15:51:56","slug":"natede-naturlig-luftrenare","status":"publish","type":"product","link":"https:\/\/vetasapiens.com\/sv\/produkt\/natede-naturlig-luftrenare\/","title":{"rendered":"Natede &#8211; Naturlig luftrenare"},"content":{"rendered":"<p><iframe loading=\"lazy\" title=\"How does Natede Smart work?\" width=\"800\" height=\"450\" src=\"https:\/\/www.youtube.com\/embed\/ywCD6UHuOGo?feature=oembed\" frameborder=\"0\" allow=\"accelerometer; autoplay; clipboard-write; encrypted-media; gyroscope; picture-in-picture; web-share\" referrerpolicy=\"strict-origin-when-cross-origin\" allowfullscreen><\/iframe><\/p>\n<div class=\"card__content\" data-v-1de3fb47=\"\">\n<div data-v-1de3fb47=\"\">\n<div class=\"card__content__title\" data-v-1de3fb47=\"\">\n<h4><span class=\"h4\">Hur Vitesy-tekniken fungerar<\/span><\/h4>\n<\/div>\n<div class=\"card__content__text\" data-v-1de3fb47=\"\">\n<p>Den fotokatalytiska tekniken avl\u00e4gsnar f\u00f6roreningar utan att h\u00e5lla kvar dem i filtret. Fytoremediering, \u00e5 andra sidan, \u00e4r v\u00e4xternas f\u00f6rm\u00e5ga att absorbera och omvandla f\u00f6roreningar till n\u00e4rings\u00e4mnen f\u00f6r v\u00e4xten sj\u00e4lv.<\/p>\n<p>&nbsp;<\/p>\n<\/div>\n<\/div>\n<\/div>\n<p><img loading=\"lazy\" decoding=\"async\" class=\"alignnone wp-image-5202\" src=\"https:\/\/vetasapiens.com\/wp-content\/uploads\/2024\/10\/Vitesy-watering-500x333.avif\" alt=\"\" width=\"382\" height=\"254\" srcset=\"https:\/\/vetasapiens.com\/wp-content\/uploads\/2024\/10\/Vitesy-watering-500x333.avif 500w, https:\/\/vetasapiens.com\/wp-content\/uploads\/2024\/10\/Vitesy-watering-1024x683.avif 1024w, https:\/\/vetasapiens.com\/wp-content\/uploads\/2024\/10\/Vitesy-watering-768x512.avif 768w, https:\/\/vetasapiens.com\/wp-content\/uploads\/2024\/10\/Vitesy-watering.avif 1440w\" sizes=\"auto, (max-width: 382px) 100vw, 382px\" \/><\/p>\n<h5>1L sj\u00e4lvvattnande system f\u00f6r din anl\u00e4ggning<\/h5>\n<p>Du beh\u00f6ver inte l\u00e4ngre oroa dig f\u00f6r att st\u00e4ndigt vattna din v\u00e4xt. Med Natedes tank har du alltid ett vattenf\u00f6rr\u00e5d p\u00e5 upp till 1 liter.<\/p>\n<p>&nbsp;<\/p>\n<p><img loading=\"lazy\" decoding=\"async\" class=\"alignnone wp-image-5203\" src=\"https:\/\/vetasapiens.com\/wp-content\/uploads\/2024\/10\/Vitesy-washing-500x333.avif\" alt=\"\" width=\"380\" height=\"253\" srcset=\"https:\/\/vetasapiens.com\/wp-content\/uploads\/2024\/10\/Vitesy-washing-500x333.avif 500w, https:\/\/vetasapiens.com\/wp-content\/uploads\/2024\/10\/Vitesy-washing-1024x683.avif 1024w, https:\/\/vetasapiens.com\/wp-content\/uploads\/2024\/10\/Vitesy-washing-768x512.avif 768w, https:\/\/vetasapiens.com\/wp-content\/uploads\/2024\/10\/Vitesy-washing.avif 1440w\" sizes=\"auto, (max-width: 380px) 100vw, 380px\" \/><\/p>\n<h5>Tv\u00e4ttbart och \u00e5teranv\u00e4ndbart filter<\/h5>\n<p>P\u00e5 5 \u00e5r med en HEPA-luftrenare spenderar du \u00f6ver 500 euro p\u00e5 filter. Med Natede beh\u00f6ver du bara sk\u00f6lja filtret under rinnande vatten.<\/p>\n<p>&nbsp;<\/p>\n<h5>\u00c4ndra l\u00e4ge med en enkel gest<\/h5>\n<p>Aktivera tyst l\u00e4ge, standardl\u00e4ge eller prestandal\u00e4ge genom att f\u00f6ra handen n\u00e4ra Natede.<\/p>\n<p>&nbsp;<\/p>\n<h5>Minskar VOC, virus, bakterier och PM 2,5<\/h5>\n<p>Giftiga \u00e4mnen elimineras p\u00e5 molekyl\u00e4r niv\u00e5, inte bara samlas upp i filtret!<\/p>\n<p>&nbsp;<\/p>\n<h5>Ta bort lukter<\/h5>\n<p>Natedes fotokatalytiska teknik tar in den omgivande luften genom en tyst fl\u00e4kt och eliminerar d\u00e5lig lukt.<\/p>\n","protected":false},"excerpt":{"rendered":"<p>Natede \u00e4r en naturlig luftrenare som anv\u00e4nder v\u00e4xternas kraft och teknik f\u00f6r att avl\u00e4gsna virus, bakterier, fint damm, VOC och lukter fr\u00e5n inomhusluften.<\/p>\n<p>&nbsp;<\/p>\n<ul>\n<li>Tv\u00e4ttbart och \u00e5teranv\u00e4ndbart filter<\/li>\n<li>Minskar VOC, virus, bakterier och PM 2,5<\/li>\n<li>\u00c4ndra l\u00e4ge med en enkel gest<\/li>\n<\/ul>\n","protected":false},"featured_media":5540,"comment_status":"closed","ping_status":"closed","template":"","meta":{"_acf_changed":false,"inline_featured_image":false},"product_brand":[280],"product_cat":[156,140],"product_tag":[148,149,237,162,159,160,158,161,157],"class_list":{"0":"post-5716","1":"product","2":"type-product","3":"status-publish","4":"has-post-thumbnail","6":"product_brand-vitesy-sv","7":"product_cat-luftrenare","8":"product_cat-produkter-for-hemmet","9":"product_tag-hem","10":"product_tag-hushall","11":"product_tag-kontakta-oss-for-offert","12":"product_tag-luft","13":"product_tag-naturlig","14":"product_tag-plantering","15":"product_tag-renare","16":"product_tag-vaxande","17":"product_tag-vitesy-sv","19":"first","20":"outofstock","21":"taxable","22":"shipping-taxable","23":"purchasable","24":"product-type-simple"},"acf":[],"_links":{"self":[{"href":"https:\/\/vetasapiens.com\/sv\/wp-json\/wp\/v2\/product\/5716","targetHints":{"allow":["GET"]}}],"collection":[{"href":"https:\/\/vetasapiens.com\/sv\/wp-json\/wp\/v2\/product"}],"about":[{"href":"https:\/\/vetasapiens.com\/sv\/wp-json\/wp\/v2\/types\/product"}],"replies":[{"embeddable":true,"href":"https:\/\/vetasapiens.com\/sv\/wp-json\/wp\/v2\/comments?post=5716"}],"wp:featuredmedia":[{"embeddable":true,"href":"https:\/\/vetasapiens.com\/sv\/wp-json\/wp\/v2\/media\/5540"}],"wp:attachment":[{"href":"https:\/\/vetasapiens.com\/sv\/wp-json\/wp\/v2\/media?parent=5716"}],"wp:term":[{"taxonomy":"product_brand","embeddable":true,"href":"https:\/\/vetasapiens.com\/sv\/wp-json\/wp\/v2\/product_brand?post=5716"},{"taxonomy":"product_cat","embeddable":true,"href":"https:\/\/vetasapiens.com\/sv\/wp-json\/wp\/v2\/product_cat?post=5716"},{"taxonomy":"product_tag","embeddable":true,"href":"https:\/\/vetasapiens.com\/sv\/wp-json\/wp\/v2\/product_tag?post=5716"}],"curies":[{"name":"wp","href":"https:\/\/api.w.org\/{rel}","templated":true}]}}