{"id":5719,"date":"2024-09-30T11:16:15","date_gmt":"2024-09-30T11:16:15","guid":{"rendered":"https:\/\/vetasapiens.com\/product\/brainlit-idun\/"},"modified":"2025-02-27T15:51:26","modified_gmt":"2025-02-27T15:51:26","slug":"brainlit-idun","status":"publish","type":"product","link":"https:\/\/vetasapiens.com\/sv\/produkt\/brainlit-idun\/","title":{"rendered":"BrainLit &#8211; Idun"},"content":{"rendered":"<p>Idun \u00e4r en kraftfull men \u00e4nd\u00e5 diskret, justerbar str\u00f6mskenelampa som ger liv och kontrast till alla rum.<\/p>\n","protected":false},"excerpt":{"rendered":"<p>Idun \u00e4r en kraftfull men \u00e4nd\u00e5 diskret, justerbar str\u00f6mskenelampa som ger liv och kontrast till alla rum.<\/p>\n","protected":false},"featured_media":5518,"comment_status":"closed","ping_status":"closed","template":"","meta":{"_acf_changed":false,"inline_featured_image":false},"product_brand":[282],"product_cat":[165,164],"product_tag":[170,167,169,168,166,237,171,191,172],"class_list":{"0":"post-5719","1":"product","2":"type-product","3":"status-publish","4":"has-post-thumbnail","6":"product_brand-brainlit-sv","7":"product_cat-belysning","8":"product_cat-kommersiell","9":"product_tag-armatur","10":"product_tag-belysning","11":"product_tag-dygnsrytmljus","12":"product_tag-fritt-staende","13":"product_tag-hjarnan","14":"product_tag-kontakta-oss-for-offert","15":"product_tag-led-sv","16":"product_tag-professionell","17":"product_tag-spotlight-sv","19":"first","20":"outofstock","21":"taxable","22":"shipping-taxable","23":"product-type-simple"},"acf":[],"_links":{"self":[{"href":"https:\/\/vetasapiens.com\/sv\/wp-json\/wp\/v2\/product\/5719","targetHints":{"allow":["GET"]}}],"collection":[{"href":"https:\/\/vetasapiens.com\/sv\/wp-json\/wp\/v2\/product"}],"about":[{"href":"https:\/\/vetasapiens.com\/sv\/wp-json\/wp\/v2\/types\/product"}],"replies":[{"embeddable":true,"href":"https:\/\/vetasapiens.com\/sv\/wp-json\/wp\/v2\/comments?post=5719"}],"wp:featuredmedia":[{"embeddable":true,"href":"https:\/\/vetasapiens.com\/sv\/wp-json\/wp\/v2\/media\/5518"}],"wp:attachment":[{"href":"https:\/\/vetasapiens.com\/sv\/wp-json\/wp\/v2\/media?parent=5719"}],"wp:term":[{"taxonomy":"product_brand","embeddable":true,"href":"https:\/\/vetasapiens.com\/sv\/wp-json\/wp\/v2\/product_brand?post=5719"},{"taxonomy":"product_cat","embeddable":true,"href":"https:\/\/vetasapiens.com\/sv\/wp-json\/wp\/v2\/product_cat?post=5719"},{"taxonomy":"product_tag","embeddable":true,"href":"https:\/\/vetasapiens.com\/sv\/wp-json\/wp\/v2\/product_tag?post=5719"}],"curies":[{"name":"wp","href":"https:\/\/api.w.org\/{rel}","templated":true}]}}