{"id":5721,"date":"2024-09-30T11:11:48","date_gmt":"2024-09-30T11:11:48","guid":{"rendered":"https:\/\/vetasapiens.com\/product\/brainlit-liv\/"},"modified":"2025-02-27T15:51:26","modified_gmt":"2025-02-27T15:51:26","slug":"brainlit-liv","status":"publish","type":"product","link":"https:\/\/vetasapiens.com\/sv\/produkt\/brainlit-liv\/","title":{"rendered":"BrainLit &#8211; Liv"},"content":{"rendered":"<p>Liv \u00e4r en takpanel som kan anv\u00e4ndas i m\u00e5nga olika typer av rum. Den f\u00f6r\u00e4ndrar omedelbart den k\u00e4nslom\u00e4ssiga upplevelsen av ett utrymme. <\/p>\n","protected":false},"excerpt":{"rendered":"<p>Liv \u00e4r en takpanel som kan anv\u00e4ndas i m\u00e5nga olika typer av rum. Den f\u00f6r\u00e4ndrar omedelbart den k\u00e4nslom\u00e4ssiga upplevelsen av ett utrymme. <\/p>\n","protected":false},"featured_media":5520,"comment_status":"closed","ping_status":"closed","template":"","meta":{"_acf_changed":false,"inline_featured_image":false},"product_brand":[282],"product_cat":[165,164],"product_tag":[170,167,169,168,166,237,174,191],"class_list":{"0":"post-5721","1":"product","2":"type-product","3":"status-publish","4":"has-post-thumbnail","6":"product_brand-brainlit-sv","7":"product_cat-belysning","8":"product_cat-kommersiell","9":"product_tag-armatur","10":"product_tag-belysning","11":"product_tag-dygnsrytmljus","12":"product_tag-fritt-staende","13":"product_tag-hjarnan","14":"product_tag-kontakta-oss-for-offert","15":"product_tag-panel-sv","16":"product_tag-professionell","18":"first","19":"outofstock","20":"taxable","21":"shipping-taxable","22":"product-type-simple"},"acf":[],"_links":{"self":[{"href":"https:\/\/vetasapiens.com\/sv\/wp-json\/wp\/v2\/product\/5721","targetHints":{"allow":["GET"]}}],"collection":[{"href":"https:\/\/vetasapiens.com\/sv\/wp-json\/wp\/v2\/product"}],"about":[{"href":"https:\/\/vetasapiens.com\/sv\/wp-json\/wp\/v2\/types\/product"}],"replies":[{"embeddable":true,"href":"https:\/\/vetasapiens.com\/sv\/wp-json\/wp\/v2\/comments?post=5721"}],"wp:featuredmedia":[{"embeddable":true,"href":"https:\/\/vetasapiens.com\/sv\/wp-json\/wp\/v2\/media\/5520"}],"wp:attachment":[{"href":"https:\/\/vetasapiens.com\/sv\/wp-json\/wp\/v2\/media?parent=5721"}],"wp:term":[{"taxonomy":"product_brand","embeddable":true,"href":"https:\/\/vetasapiens.com\/sv\/wp-json\/wp\/v2\/product_brand?post=5721"},{"taxonomy":"product_cat","embeddable":true,"href":"https:\/\/vetasapiens.com\/sv\/wp-json\/wp\/v2\/product_cat?post=5721"},{"taxonomy":"product_tag","embeddable":true,"href":"https:\/\/vetasapiens.com\/sv\/wp-json\/wp\/v2\/product_tag?post=5721"}],"curies":[{"name":"wp","href":"https:\/\/api.w.org\/{rel}","templated":true}]}}