{"id":5723,"date":"2024-09-30T10:12:12","date_gmt":"2024-09-30T10:12:12","guid":{"rendered":"https:\/\/vetasapiens.com\/product\/brainlit-fraga\/"},"modified":"2025-04-22T12:53:03","modified_gmt":"2025-04-22T12:53:03","slug":"brainlit-fraga","status":"publish","type":"product","link":"https:\/\/vetasapiens.com\/sv\/produkt\/brainlit-fraga\/","title":{"rendered":"Ask"},"content":{"rendered":"<p>Ask \u00e4r v\u00e5r mest s\u00e5lda armatur och utg\u00f6r grunden f\u00f6r m\u00e5nga installationer. Med ett brett ljusspektrum som str\u00e4cker sig fr\u00e5n 2700K till 7300K skapar den en dynamisk ljusmilj\u00f6 med m\u00e5nga m\u00f6jligheter. <\/p>\n","protected":false},"excerpt":{"rendered":"<p>Ask \u00e4r v\u00e5r mest s\u00e5lda armatur och utg\u00f6r grunden f\u00f6r m\u00e5nga installationer. Med ett brett ljusspektrum som str\u00e4cker sig fr\u00e5n 2700K till 7300K skapar den en dynamisk ljusmilj\u00f6 med m\u00e5nga m\u00f6jligheter. <\/p>\n","protected":false},"featured_media":5523,"comment_status":"closed","ping_status":"closed","template":"","meta":{"_acf_changed":false,"inline_featured_image":false},"product_brand":[282],"product_cat":[165,164],"product_tag":[170,167,169,168,166,237,174,191],"class_list":{"0":"post-5723","1":"product","2":"type-product","3":"status-publish","4":"has-post-thumbnail","6":"product_brand-brainlit-sv","7":"product_cat-belysning","8":"product_cat-kommersiell","9":"product_tag-armatur","10":"product_tag-belysning","11":"product_tag-dygnsrytmljus","12":"product_tag-fritt-staende","13":"product_tag-hjarnan","14":"product_tag-kontakta-oss-for-offert","15":"product_tag-panel-sv","16":"product_tag-professionell","18":"first","19":"outofstock","20":"taxable","21":"shipping-taxable","22":"product-type-simple"},"acf":[],"_links":{"self":[{"href":"https:\/\/vetasapiens.com\/sv\/wp-json\/wp\/v2\/product\/5723","targetHints":{"allow":["GET"]}}],"collection":[{"href":"https:\/\/vetasapiens.com\/sv\/wp-json\/wp\/v2\/product"}],"about":[{"href":"https:\/\/vetasapiens.com\/sv\/wp-json\/wp\/v2\/types\/product"}],"replies":[{"embeddable":true,"href":"https:\/\/vetasapiens.com\/sv\/wp-json\/wp\/v2\/comments?post=5723"}],"wp:featuredmedia":[{"embeddable":true,"href":"https:\/\/vetasapiens.com\/sv\/wp-json\/wp\/v2\/media\/5523"}],"wp:attachment":[{"href":"https:\/\/vetasapiens.com\/sv\/wp-json\/wp\/v2\/media?parent=5723"}],"wp:term":[{"taxonomy":"product_brand","embeddable":true,"href":"https:\/\/vetasapiens.com\/sv\/wp-json\/wp\/v2\/product_brand?post=5723"},{"taxonomy":"product_cat","embeddable":true,"href":"https:\/\/vetasapiens.com\/sv\/wp-json\/wp\/v2\/product_cat?post=5723"},{"taxonomy":"product_tag","embeddable":true,"href":"https:\/\/vetasapiens.com\/sv\/wp-json\/wp\/v2\/product_tag?post=5723"}],"curies":[{"name":"wp","href":"https:\/\/api.w.org\/{rel}","templated":true}]}}