{"id":5724,"date":"2024-09-30T09:48:40","date_gmt":"2024-09-30T09:48:40","guid":{"rendered":"https:\/\/vetasapiens.com\/product\/brainlit-loke\/"},"modified":"2025-02-27T15:51:27","modified_gmt":"2025-02-27T15:51:27","slug":"brainlit-loke","status":"publish","type":"product","link":"https:\/\/vetasapiens.com\/sv\/produkt\/brainlit-loke\/","title":{"rendered":"BrainLit &#8211; Loke"},"content":{"rendered":"<p>Loke \u00e4r en dynamisk LED-pendel som kombinerar sj\u00e4lvst\u00e4ndigt styrd arbets- och allm\u00e4nbelysning. Dess placering och ljusriktning m\u00f6jligg\u00f6r mycket h\u00f6ga ljusintensiteter (7000 lm) utan att orsaka obehag f\u00f6r \u00f6gonen. <\/p>\n","protected":false},"excerpt":{"rendered":"<p>Loke \u00e4r en dynamisk LED-pendel som kombinerar sj\u00e4lvst\u00e4ndigt styrd arbets- och allm\u00e4nbelysning. Dess placering och ljusriktning m\u00f6jligg\u00f6r mycket h\u00f6ga ljusintensiteter (7000 lm) utan att orsaka obehag f\u00f6r \u00f6gonen. <\/p>\n","protected":false},"featured_media":5506,"comment_status":"closed","ping_status":"closed","template":"","meta":{"_acf_changed":false,"inline_featured_image":false},"product_brand":[282],"product_cat":[165,164],"product_tag":[167,169,168,166,237,191],"class_list":{"0":"post-5724","1":"product","2":"type-product","3":"status-publish","4":"has-post-thumbnail","6":"product_brand-brainlit-sv","7":"product_cat-belysning","8":"product_cat-kommersiell","9":"product_tag-belysning","10":"product_tag-dygnsrytmljus","11":"product_tag-fritt-staende","12":"product_tag-hjarnan","13":"product_tag-kontakta-oss-for-offert","14":"product_tag-professionell","16":"first","17":"outofstock","18":"taxable","19":"shipping-taxable","20":"product-type-simple"},"acf":[],"_links":{"self":[{"href":"https:\/\/vetasapiens.com\/sv\/wp-json\/wp\/v2\/product\/5724","targetHints":{"allow":["GET"]}}],"collection":[{"href":"https:\/\/vetasapiens.com\/sv\/wp-json\/wp\/v2\/product"}],"about":[{"href":"https:\/\/vetasapiens.com\/sv\/wp-json\/wp\/v2\/types\/product"}],"replies":[{"embeddable":true,"href":"https:\/\/vetasapiens.com\/sv\/wp-json\/wp\/v2\/comments?post=5724"}],"wp:featuredmedia":[{"embeddable":true,"href":"https:\/\/vetasapiens.com\/sv\/wp-json\/wp\/v2\/media\/5506"}],"wp:attachment":[{"href":"https:\/\/vetasapiens.com\/sv\/wp-json\/wp\/v2\/media?parent=5724"}],"wp:term":[{"taxonomy":"product_brand","embeddable":true,"href":"https:\/\/vetasapiens.com\/sv\/wp-json\/wp\/v2\/product_brand?post=5724"},{"taxonomy":"product_cat","embeddable":true,"href":"https:\/\/vetasapiens.com\/sv\/wp-json\/wp\/v2\/product_cat?post=5724"},{"taxonomy":"product_tag","embeddable":true,"href":"https:\/\/vetasapiens.com\/sv\/wp-json\/wp\/v2\/product_tag?post=5724"}],"curies":[{"name":"wp","href":"https:\/\/api.w.org\/{rel}","templated":true}]}}