{"id":5725,"date":"2024-09-30T09:46:23","date_gmt":"2024-09-30T09:46:23","guid":{"rendered":"https:\/\/vetasapiens.com\/product\/brainlit-vidar\/"},"modified":"2025-02-27T15:51:39","modified_gmt":"2025-02-27T15:51:39","slug":"brainlit-vidar","status":"publish","type":"product","link":"https:\/\/vetasapiens.com\/sv\/produkt\/brainlit-vidar\/","title":{"rendered":"BrainLit &#8211; Vidar"},"content":{"rendered":"<p>Vidar \u00e4r en 24\/7 Tunable White LED-armatur med h\u00f6g ljusstyrka som ger r\u00e4tt ljus under b\u00e5de dag och natt. Vidar har en verkningsgrad p\u00e5 121 lm\/W vid maximal intensitet och CCT. <\/p>\n","protected":false},"excerpt":{"rendered":"<p>Vidar \u00e4r en 24\/7 Tunable White LED-armatur med h\u00f6g ljusstyrka som ger r\u00e4tt ljus under b\u00e5de dag och natt. Vidar har en verkningsgrad p\u00e5 121 lm\/W vid maximal intensitet och CCT. <\/p>\n","protected":false},"featured_media":5507,"comment_status":"closed","ping_status":"closed","template":"","meta":{"_acf_changed":false,"inline_featured_image":false},"product_brand":[282],"product_cat":[165,164],"product_tag":[167,169,168,166,237,191],"class_list":{"0":"post-5725","1":"product","2":"type-product","3":"status-publish","4":"has-post-thumbnail","6":"product_brand-brainlit-sv","7":"product_cat-belysning","8":"product_cat-kommersiell","9":"product_tag-belysning","10":"product_tag-dygnsrytmljus","11":"product_tag-fritt-staende","12":"product_tag-hjarnan","13":"product_tag-kontakta-oss-for-offert","14":"product_tag-professionell","16":"first","17":"outofstock","18":"taxable","19":"shipping-taxable","20":"product-type-simple"},"acf":[],"_links":{"self":[{"href":"https:\/\/vetasapiens.com\/sv\/wp-json\/wp\/v2\/product\/5725","targetHints":{"allow":["GET"]}}],"collection":[{"href":"https:\/\/vetasapiens.com\/sv\/wp-json\/wp\/v2\/product"}],"about":[{"href":"https:\/\/vetasapiens.com\/sv\/wp-json\/wp\/v2\/types\/product"}],"replies":[{"embeddable":true,"href":"https:\/\/vetasapiens.com\/sv\/wp-json\/wp\/v2\/comments?post=5725"}],"wp:featuredmedia":[{"embeddable":true,"href":"https:\/\/vetasapiens.com\/sv\/wp-json\/wp\/v2\/media\/5507"}],"wp:attachment":[{"href":"https:\/\/vetasapiens.com\/sv\/wp-json\/wp\/v2\/media?parent=5725"}],"wp:term":[{"taxonomy":"product_brand","embeddable":true,"href":"https:\/\/vetasapiens.com\/sv\/wp-json\/wp\/v2\/product_brand?post=5725"},{"taxonomy":"product_cat","embeddable":true,"href":"https:\/\/vetasapiens.com\/sv\/wp-json\/wp\/v2\/product_cat?post=5725"},{"taxonomy":"product_tag","embeddable":true,"href":"https:\/\/vetasapiens.com\/sv\/wp-json\/wp\/v2\/product_tag?post=5725"}],"curies":[{"name":"wp","href":"https:\/\/api.w.org\/{rel}","templated":true}]}}