{"id":5726,"date":"2024-09-30T09:44:32","date_gmt":"2024-09-30T09:44:32","guid":{"rendered":"https:\/\/vetasapiens.com\/product\/brainlit-balder\/"},"modified":"2025-04-22T12:18:57","modified_gmt":"2025-04-22T12:18:57","slug":"brainlit-balder","status":"publish","type":"product","link":"https:\/\/vetasapiens.com\/sv\/produkt\/brainlit-balder\/","title":{"rendered":"Balder"},"content":{"rendered":"<p>Balder \u00e4r en l\u00e4tt pendelarmatur med en elegant design. Dess ih\u00e5liga form g\u00f6r att den sm\u00e4lter in fint i olika rum. Balder \u00e4r v\u00e4l l\u00e4mpad f\u00f6r lounger, m\u00f6tesrum, receptioner och liknande milj\u00f6er.  <\/p>\n","protected":false},"excerpt":{"rendered":"<p>Balder \u00e4r en l\u00e4tt pendelarmatur med en elegant design. Dess ih\u00e5liga form g\u00f6r att den sm\u00e4lter in fint i olika rum. Balder \u00e4r v\u00e4l l\u00e4mpad f\u00f6r lounger, m\u00f6tesrum, receptioner och liknande milj\u00f6er.  <\/p>\n","protected":false},"featured_media":5505,"comment_status":"closed","ping_status":"closed","template":"","meta":{"_acf_changed":false,"inline_featured_image":false},"product_brand":[282],"product_cat":[165,164],"product_tag":[167,169,168,166,237,191],"class_list":{"0":"post-5726","1":"product","2":"type-product","3":"status-publish","4":"has-post-thumbnail","6":"product_brand-brainlit-sv","7":"product_cat-belysning","8":"product_cat-kommersiell","9":"product_tag-belysning","10":"product_tag-dygnsrytmljus","11":"product_tag-fritt-staende","12":"product_tag-hjarnan","13":"product_tag-kontakta-oss-for-offert","14":"product_tag-professionell","16":"first","17":"outofstock","18":"taxable","19":"shipping-taxable","20":"product-type-simple"},"acf":[],"_links":{"self":[{"href":"https:\/\/vetasapiens.com\/sv\/wp-json\/wp\/v2\/product\/5726","targetHints":{"allow":["GET"]}}],"collection":[{"href":"https:\/\/vetasapiens.com\/sv\/wp-json\/wp\/v2\/product"}],"about":[{"href":"https:\/\/vetasapiens.com\/sv\/wp-json\/wp\/v2\/types\/product"}],"replies":[{"embeddable":true,"href":"https:\/\/vetasapiens.com\/sv\/wp-json\/wp\/v2\/comments?post=5726"}],"wp:featuredmedia":[{"embeddable":true,"href":"https:\/\/vetasapiens.com\/sv\/wp-json\/wp\/v2\/media\/5505"}],"wp:attachment":[{"href":"https:\/\/vetasapiens.com\/sv\/wp-json\/wp\/v2\/media?parent=5726"}],"wp:term":[{"taxonomy":"product_brand","embeddable":true,"href":"https:\/\/vetasapiens.com\/sv\/wp-json\/wp\/v2\/product_brand?post=5726"},{"taxonomy":"product_cat","embeddable":true,"href":"https:\/\/vetasapiens.com\/sv\/wp-json\/wp\/v2\/product_cat?post=5726"},{"taxonomy":"product_tag","embeddable":true,"href":"https:\/\/vetasapiens.com\/sv\/wp-json\/wp\/v2\/product_tag?post=5726"}],"curies":[{"name":"wp","href":"https:\/\/api.w.org\/{rel}","templated":true}]}}