{"id":5727,"date":"2024-09-30T09:42:11","date_gmt":"2024-09-30T09:42:11","guid":{"rendered":"https:\/\/vetasapiens.com\/product\/brainlit-saga\/"},"modified":"2025-02-27T15:51:27","modified_gmt":"2025-02-27T15:51:27","slug":"brainlit-saga","status":"publish","type":"product","link":"https:\/\/vetasapiens.com\/sv\/produkt\/brainlit-saga\/","title":{"rendered":"BrainLit &#8211; Saga"},"content":{"rendered":"<p>Saga \u00e4r en rund taklampa som kan monteras direkt i taket eller h\u00e4ngas upp med vajrar. De olika alternativen g\u00f6r Saga till en popul\u00e4r armatur f\u00f6r m\u00e5nga olika utrymmen. <\/p>\n","protected":false},"excerpt":{"rendered":"<p>Saga \u00e4r en rund taklampa som kan monteras direkt i taket eller h\u00e4ngas upp med vajrar. De olika alternativen g\u00f6r Saga till en popul\u00e4r armatur f\u00f6r m\u00e5nga olika utrymmen. <\/p>\n","protected":false},"featured_media":5508,"comment_status":"closed","ping_status":"closed","template":"","meta":{"_acf_changed":false,"inline_featured_image":false},"product_brand":[282],"product_cat":[165,164],"product_tag":[167,169,168,166,237,191],"class_list":{"0":"post-5727","1":"product","2":"type-product","3":"status-publish","4":"has-post-thumbnail","6":"product_brand-brainlit-sv","7":"product_cat-belysning","8":"product_cat-kommersiell","9":"product_tag-belysning","10":"product_tag-dygnsrytmljus","11":"product_tag-fritt-staende","12":"product_tag-hjarnan","13":"product_tag-kontakta-oss-for-offert","14":"product_tag-professionell","16":"first","17":"outofstock","18":"taxable","19":"shipping-taxable","20":"product-type-simple"},"acf":[],"_links":{"self":[{"href":"https:\/\/vetasapiens.com\/sv\/wp-json\/wp\/v2\/product\/5727","targetHints":{"allow":["GET"]}}],"collection":[{"href":"https:\/\/vetasapiens.com\/sv\/wp-json\/wp\/v2\/product"}],"about":[{"href":"https:\/\/vetasapiens.com\/sv\/wp-json\/wp\/v2\/types\/product"}],"replies":[{"embeddable":true,"href":"https:\/\/vetasapiens.com\/sv\/wp-json\/wp\/v2\/comments?post=5727"}],"wp:featuredmedia":[{"embeddable":true,"href":"https:\/\/vetasapiens.com\/sv\/wp-json\/wp\/v2\/media\/5508"}],"wp:attachment":[{"href":"https:\/\/vetasapiens.com\/sv\/wp-json\/wp\/v2\/media?parent=5727"}],"wp:term":[{"taxonomy":"product_brand","embeddable":true,"href":"https:\/\/vetasapiens.com\/sv\/wp-json\/wp\/v2\/product_brand?post=5727"},{"taxonomy":"product_cat","embeddable":true,"href":"https:\/\/vetasapiens.com\/sv\/wp-json\/wp\/v2\/product_cat?post=5727"},{"taxonomy":"product_tag","embeddable":true,"href":"https:\/\/vetasapiens.com\/sv\/wp-json\/wp\/v2\/product_tag?post=5727"}],"curies":[{"name":"wp","href":"https:\/\/api.w.org\/{rel}","templated":true}]}}