{"id":5728,"date":"2024-09-27T09:21:30","date_gmt":"2024-09-27T09:21:30","guid":{"rendered":"https:\/\/vetasapiens.com\/product\/reencle-prime-hemkompost-vit\/"},"modified":"2026-02-09T16:05:28","modified_gmt":"2026-02-09T16:05:28","slug":"reencle-prime-hemkompost-vit","status":"publish","type":"product","link":"https:\/\/vetasapiens.com\/sv\/produkt\/reencle-prime-hemkompost-vit\/","title":{"rendered":"Reencle Prime &#8211; Kompostmaskin"},"content":{"rendered":"<h4>Automatisk kompostmaskin &#8211; Det nya s\u00e4ttet att kompostera<\/h4>\n<p>N\u00e4r du matar den automatiska kompostmaskinen Reencle med matrester skapar du inte bara en cirkul\u00e4r process i ditt hem, utan \u00e4ven en milj\u00f6 i ditt k\u00f6k som h\u00e5ller borta bananflugor och eliminerar droppande, illaluktande bruna p\u00e5sar. Dessutom bidrar du till samh\u00e4llet genom att minska CO2-utsl\u00e4ppen.<\/p>\n<p>Reencle hemkompost anv\u00e4nder en naturlig aerob process och mikroorganismer f\u00f6r att bryta ner dina matrester. Processen \u00e4r lika enkel som genial, dina rester bryts ner till ett organiskt material som kallas kompost. Komposten \u00e4r n\u00e4ringsrik och kan blandas med jord f\u00f6r att hj\u00e4lpa v\u00e4xter att frodas, vilket erbjuder en m\u00e4ngd f\u00f6rdelar f\u00f6r din jord och tr\u00e4dg\u00e5rd.  <\/p>\n<p>&nbsp;<\/p>\n<h5>S\u00e5 h\u00e4r anv\u00e4nder du en Reencle kompostmaskin hemma<\/h5>\n<p><strong>1. B\u00f6rja med mikroberna<br \/>\n<\/strong>Packa upp din Reencle, h\u00e4ll i medf\u00f6ljande paketet mikrober, tills\u00e4tt 1,5 liter vatten och l\u00e5t kolonin etablera sig i 24 timmar.<\/p>\n<p><strong>2. Nu kan du \u00e5tervinna upp till 1 kg matrester per dag<br \/>\n<\/strong>Ge din kompost n\u00e4ring genom att sl\u00e4nga matrester regelbundet.<\/p>\n<p><strong>3. T\u00f6m var 1-3:e m\u00e5nad eller n\u00e4r maxkapaciteten \u00e4r uppn\u00e5dd<br \/>\n<\/strong>Se markeringarna p\u00e5 insidan av din Reencle p\u00e5 v\u00e4nster sida, under och \u00f6ver den upplysta markeringen. De anger Miniminiv\u00e5 resp maximiniv\u00e5. Tycker du att dom \u00e4r sv\u00e5ra att se, k\u00e4nnmed fingret l\u00e4ngs insidan. N\u00e4r du n\u00e5r max-niv\u00e5n, skopa ut kompost tills din kompost n\u00e5r minimi-niv\u00e5n.   <\/p>\n<p>Komposten du har skopat ur \u00e4r nu n\u00e4ringsrik g\u00f6dsel f\u00f6r dina v\u00e4xter och din tr\u00e4dg\u00e5rd.<\/p>\n<p>&nbsp;<\/p>\n<h5>\u00c4lskad av sina anv\u00e4ndare<\/h5>\n<p>\u00c4lskad av \u00f6ver 200 000 hemmaodlare och rankad som den b\u00e4sta komposten av <a href=\"https:\/\/www.wired.com\/story\/home-composters-buying-guide\/\" target=\"_blank\" rel=\"noopener noreferrer nofollow\">Tidningen Wired<\/a><\/p>\n<p>&nbsp;<\/p>\n<h6>Att anv\u00e4nda sig utav kompost<\/h6>\n<p>Att tillf\u00f6ra kompost till din tr\u00e4dg\u00e5rd ger flera f\u00f6rdelar. N\u00e4r du har f\u00f6rberett din kompost kan du anv\u00e4nda den f\u00f6r att f\u00f6rb\u00e4ttra din jord och ge dina v\u00e4xter en stadig tillf\u00f6rsel av n\u00e4rings\u00e4mnen. <\/p>\n<h6>Ingen tr\u00e4dg\u00e5rd? Inga problem! <\/h6>\n<p>Kompost kan ocks\u00e5 anv\u00e4ndas f\u00f6r att g\u00f6dsla gr\u00e4smattor, tr\u00e4d, buskar, blommor och krukv\u00e4xter, eller delas med en granne, v\u00e4n eller organisation som har en tr\u00e4dg\u00e5rd.<\/p>\n","protected":false},"excerpt":{"rendered":"<p>L\u00e4gg alla dina matrester i kompostmaskinen Reencle Prime och f\u00e5 torr, n\u00e4ringsrik kompost p\u00e5 mindre \u00e4n 24 timmar. Komposten kan du sedan blanda med jord och anv\u00e4nda till din krukv\u00e4xter eller i tr\u00e4dg\u00e5rden. Hela processen \u00e4r tystg\u00e5ende, luktfri och enkel att anv\u00e4nda.<\/p>\n<p>Den lukt och kladd-fria l\u00f6sningen f\u00f6r ditt matavfall:<\/p>\n<p>&nbsp;<\/p>\n<ul>\n<li>3-lagers filtersystem f\u00f6r luktfri kompostering<\/li>\n<li>L\u00e5gt underh\u00e5ll ReencleMicrobe\u2122<\/li>\n<li>Arbetar under 28 dB &#8211; den tystaste komposten p\u00e5 marknaden<\/li>\n<li>Levereras med kolfilter, kompoststartare och en spade<\/li>\n<\/ul>\n","protected":false},"featured_media":11238,"comment_status":"open","ping_status":"closed","template":"","meta":{"_acf_changed":false,"inline_featured_image":false},"product_brand":[279],"product_cat":[136],"product_tag":[145,148,299,149,144,142,143,187,147,150,152,154,201,312,240],"class_list":{"0":"post-5728","1":"product","2":"type-product","3":"status-publish","4":"has-post-thumbnail","6":"product_brand-reencle-sv","7":"product_cat-okategoriserad","8":"product_tag-effektiv","9":"product_tag-hem","10":"product_tag-hemkompost","11":"product_tag-hushall","12":"product_tag-jord","13":"product_tag-kompost","14":"product_tag-komposterare","15":"product_tag-kompostering","16":"product_tag-matavfall","17":"product_tag-mikrob","18":"product_tag-prime-sv","19":"product_tag-reencle-sv","20":"product_tag-reencle-prime-sv","21":"product_tag-refood-sv","22":"product_tag-vit","24":"first","25":"instock","26":"featured","27":"taxable","28":"shipping-taxable","29":"purchasable","30":"product-type-simple"},"acf":[],"_links":{"self":[{"href":"https:\/\/vetasapiens.com\/sv\/wp-json\/wp\/v2\/product\/5728","targetHints":{"allow":["GET"]}}],"collection":[{"href":"https:\/\/vetasapiens.com\/sv\/wp-json\/wp\/v2\/product"}],"about":[{"href":"https:\/\/vetasapiens.com\/sv\/wp-json\/wp\/v2\/types\/product"}],"replies":[{"embeddable":true,"href":"https:\/\/vetasapiens.com\/sv\/wp-json\/wp\/v2\/comments?post=5728"}],"wp:featuredmedia":[{"embeddable":true,"href":"https:\/\/vetasapiens.com\/sv\/wp-json\/wp\/v2\/media\/11238"}],"wp:attachment":[{"href":"https:\/\/vetasapiens.com\/sv\/wp-json\/wp\/v2\/media?parent=5728"}],"wp:term":[{"taxonomy":"product_brand","embeddable":true,"href":"https:\/\/vetasapiens.com\/sv\/wp-json\/wp\/v2\/product_brand?post=5728"},{"taxonomy":"product_cat","embeddable":true,"href":"https:\/\/vetasapiens.com\/sv\/wp-json\/wp\/v2\/product_cat?post=5728"},{"taxonomy":"product_tag","embeddable":true,"href":"https:\/\/vetasapiens.com\/sv\/wp-json\/wp\/v2\/product_tag?post=5728"}],"curies":[{"name":"wp","href":"https:\/\/api.w.org\/{rel}","templated":true}]}}