{"id":5729,"date":"2024-06-14T07:14:53","date_gmt":"2024-06-14T07:14:53","guid":{"rendered":"https:\/\/vetasapiens.com\/product\/uven-en-helautomatisk-losning-for-desinfektion\/"},"modified":"2025-02-27T15:52:11","modified_gmt":"2025-02-27T15:52:11","slug":"uven-en-helautomatisk-losning-for-desinfektion","status":"publish","type":"product","link":"https:\/\/vetasapiens.com\/sv\/produkt\/uven-en-helautomatisk-losning-for-desinfektion\/","title":{"rendered":"Uven &#8211; En helautomatisk l\u00f6sning f\u00f6r desinfektion"},"content":{"rendered":"<h3>F\u00f6r s\u00e4krare milj\u00f6er<\/h3>\n<p>  V\u00e4rlden vi lever i \u00e4r os\u00e4ker och den senaste tidens pandemi har visat att virus och bakterier kan leva b\u00e5de i luften och p\u00e5 ytor och d\u00e4rmed spridas och p\u00e5verka v\u00e5r h\u00e4lsa. Eftersom vi l\u00e4r oss att leva med dessa infektionsutbrott finns det en efterfr\u00e5gan p\u00e5 ett effektivt s\u00e4tt att desinficera ofta bes\u00f6kta offentliga utrymmen f\u00f6r att skydda m\u00e4nniskor fr\u00e5n skadliga patogener. Med hj\u00e4lp av v\u00e5r kunskap och erfarenhet inom belysning har vi utvecklat ett unikt system som anv\u00e4nder UVC-belysning f\u00f6r att snabbt, s\u00e4kert och automatiskt desinficera b\u00e5de luft och ytor f\u00f6r att skapa en s\u00e4ker och h\u00e4lsosam milj\u00f6    <\/p>\n<h4>Tar bara tv\u00e5 minuter<\/h4>\n<p>  Desinfektionsbelysningsl\u00f6sningen UVEN anv\u00e4nder UVC-belysning f\u00f6r att snabbt, s\u00e4kert och automatiskt desinficera b\u00e5de luft och ytor f\u00f6r att skapa en s\u00e4ker och h\u00e4lsosam milj\u00f6. P\u00e5 tv\u00e5 minuter avaktiverar UVEN mer \u00e4n 90% av SARS-CoV-2 (covid), mer \u00e4n 99% av E. coli och Salmonella p\u00e5 ytor och i luften.   <\/p>\n<h4>Hur fungerar det?<\/h4>\n<p>  Obefolkade omr\u00e5den uts\u00e4tts f\u00f6r UVC-ljus f\u00f6r desinfektion. Ett avancerat s\u00e4kerhetssystem med radar och infrar\u00f6da sensorer identifierar att omr\u00e5det \u00e4r obemannat. En desinfektionssekvens aktiveras automatiskt f\u00f6r att eliminera eventuella patogener fr\u00e5n b\u00e5de luft och ytor. Rummet desinficeras sedan inf\u00f6r n\u00e4sta person som kommer in. Om n\u00e5gon kommer in i utrymmet under desinfektionen utl\u00f6ses n\u00e4rvarodetekteringen, och den v\u00e4xlar helt enkelt fr\u00e5n UVC-belysning till vanlig belysning.      <iframe loading=\"lazy\" title=\"What is BrainLit UVEN and How Does It Work?\" width=\"800\" height=\"450\" src=\"https:\/\/www.youtube.com\/embed\/9cnzqCRLxuw?feature=oembed\" frameborder=\"0\" allow=\"accelerometer; autoplay; clipboard-write; encrypted-media; gyroscope; picture-in-picture; web-share\" referrerpolicy=\"strict-origin-when-cross-origin\" allowfullscreen><\/iframe><\/p>\n<h4>Certifiering<\/h4>\n<p>  UVEN har en livsl\u00e4ngd p\u00e5 \u00f6ver 300.000 desinficeringar och har verifierats genom omfattande tester, s\u00e4rskilt f\u00f6r SARS-CoV-2, vid Totalf\u00f6rsvarets forskningsinstitut. Produkten \u00e4r patenterad av BrainLit, fullt certifierad och s\u00e4kerhetsklassad av UL f\u00f6r den amerikanska marknaden och CE f\u00f6r EU-marknaden.   <\/p>\n<h4><\/h4>\n<h4><\/h4>\n<p>&nbsp;<\/p>\n<h4>F\u00f6rdelar<\/h4>\n<p>&nbsp;<\/p>\n<p><strong>P\u00e5 kontoret<\/strong><\/p>\n<ul>\n<li>G\u00f6r det l\u00e4ttare f\u00f6r arbetsgivare att s\u00e4kerst\u00e4lla en s\u00e4ker arbetsmilj\u00f6<\/li>\n<li>Minimerar \u00f6verf\u00f6ring av infektioner fr\u00e5n gemensamma toaletter<\/li>\n<li>Minskar sjukfr\u00e5nvaron<\/li>\n<\/ul>\n<p>&nbsp;<\/p>\n<p><strong>I tr\u00e4ningsanl\u00e4ggningar<\/strong><\/p>\n<ul>\n<li>Frekvent desinficering av h\u00f6griskomr\u00e5den som toaletter och omkl\u00e4dningsrum garanterar s\u00e4kra utbildningsmilj\u00f6er<\/li>\n<li>Hj\u00e4lper till att uppr\u00e4tth\u00e5lla h\u00e4lsan hos professionella idrottslag<\/li>\n<li>F\u00f6rhindrar smittspridning bland idrottare<\/li>\n<\/ul>\n<p>&nbsp;<\/p>\n<p><strong>Inom h\u00e4lso- och sjukv\u00e5rd samt \u00e4ldreomsorg<\/strong><\/p>\n<ul>\n<li>Minskad risk f\u00f6r smittspridning f\u00f6r b\u00e5de personal, patienter och boende.<\/li>\n<li>Uppr\u00e4tth\u00e5ller alltid en s\u00e4ker milj\u00f6 och minimerar samtidigt anv\u00e4ndningen av kemikalier<\/li>\n<li>Automatiserat system minskar personalens arbetsb\u00f6rda<\/li>\n<\/ul>\n","protected":false},"excerpt":{"rendered":"<p>UVEN inaktiverar virus och bakterier i v\u00e4lbes\u00f6kta milj\u00f6er. Ett avancerat s\u00e4kerhetssystem med radar och infrar\u00f6da sensorer identifierar att omr\u00e5det \u00e4r obebott. Systemet aktiverar d\u00e5 automatiskt en desinfektionssekvens f\u00f6r att eliminera alla patogener fr\u00e5n b\u00e5de luft och ytor.    <\/p>\n<ul>\n<li><i class=\"fas fa-check\" aria-hidden=\"true\"><\/i><span class=\"elementor-icon-list-text\">Avaktiverar virus och andra patogener<\/span><\/li>\n<li><i class=\"fas fa-check\" aria-hidden=\"true\"><\/i><span class=\"elementor-icon-list-text\">Snabb och automatiserad desinfektion<\/span><\/li>\n<li><i class=\"fas fa-check\" aria-hidden=\"true\"><\/i><span class=\"elementor-icon-list-text\">Eliminerar patogener fr\u00e5n b\u00e5de luft och ytor<\/span><\/li>\n<\/ul>\n","protected":false},"featured_media":5445,"comment_status":"closed","ping_status":"closed","template":"","meta":{"_acf_changed":false,"inline_featured_image":false},"product_brand":[282],"product_cat":[176,164],"product_tag":[178,167,179,166,177,237,181,191,182,180],"class_list":{"0":"post-5729","1":"product","2":"type-product","3":"status-publish","4":"has-post-thumbnail","6":"product_brand-brainlit-sv","7":"product_cat-desinfektion","8":"product_cat-kommersiell","9":"product_tag-anpassad","10":"product_tag-belysning","11":"product_tag-desinficering","12":"product_tag-hjarnan","13":"product_tag-kommersiell","14":"product_tag-kontakta-oss-for-offert","15":"product_tag-patogener","16":"product_tag-professionell","17":"product_tag-ren","18":"product_tag-uv-ljus","20":"first","21":"outofstock","22":"taxable","23":"shipping-taxable","24":"product-type-simple"},"acf":[],"_links":{"self":[{"href":"https:\/\/vetasapiens.com\/sv\/wp-json\/wp\/v2\/product\/5729","targetHints":{"allow":["GET"]}}],"collection":[{"href":"https:\/\/vetasapiens.com\/sv\/wp-json\/wp\/v2\/product"}],"about":[{"href":"https:\/\/vetasapiens.com\/sv\/wp-json\/wp\/v2\/types\/product"}],"replies":[{"embeddable":true,"href":"https:\/\/vetasapiens.com\/sv\/wp-json\/wp\/v2\/comments?post=5729"}],"wp:featuredmedia":[{"embeddable":true,"href":"https:\/\/vetasapiens.com\/sv\/wp-json\/wp\/v2\/media\/5445"}],"wp:attachment":[{"href":"https:\/\/vetasapiens.com\/sv\/wp-json\/wp\/v2\/media?parent=5729"}],"wp:term":[{"taxonomy":"product_brand","embeddable":true,"href":"https:\/\/vetasapiens.com\/sv\/wp-json\/wp\/v2\/product_brand?post=5729"},{"taxonomy":"product_cat","embeddable":true,"href":"https:\/\/vetasapiens.com\/sv\/wp-json\/wp\/v2\/product_cat?post=5729"},{"taxonomy":"product_tag","embeddable":true,"href":"https:\/\/vetasapiens.com\/sv\/wp-json\/wp\/v2\/product_tag?post=5729"}],"curies":[{"name":"wp","href":"https:\/\/api.w.org\/{rel}","templated":true}]}}