{"id":5730,"date":"2024-06-14T06:55:09","date_gmt":"2024-06-14T06:55:09","guid":{"rendered":"https:\/\/vetasapiens.com\/product\/brainlit-alven-fristaende-belysningslosning\/"},"modified":"2025-02-27T15:51:25","modified_gmt":"2025-02-27T15:51:25","slug":"brainlit-alven-fristaende-belysningslosning","status":"publish","type":"product","link":"https:\/\/vetasapiens.com\/sv\/produkt\/brainlit-alven-fristaende-belysningslosning\/","title":{"rendered":"BrainLit &#8211; Alven &#8211; Frist\u00e5ende belysningsl\u00f6sning"},"content":{"rendered":"<h4 class=\"title\">Biocentrisk belysning i frist\u00e5ende form.<\/h4>\n<div class=\"desc\">BrainLit Alven ger samma biocentriska belysningsprestanda som v\u00e5ra n\u00e4tverksl\u00f6sningar, men i en frist\u00e5ende form. S\u00e5 ist\u00e4llet f\u00f6r att installera ett helt Biocentric-belysningssystem i ett rum kan du montera och koppla in BrainLit Alven p\u00e5 egen hand och omedelbart f\u00e5 f\u00f6rdelarna med Biocentric-belysning. <\/div>\n<h4 class=\"sl-title kc-title\">Redo med ljusets hastighet.<\/h4>\n<h5 class=\"title kc-title\">F\u00f6r sport<\/h5>\n<div class=\"desc\">7% f\u00f6rb\u00e4ttring av s\u00f6mnkvaliteten bland ishockeyspelare<br \/>\n12% \u00f6kning av vakenhetsniv\u00e5n i laget<br \/>\n30% l\u00e4gre sjukfr\u00e5nvaro och personaloms\u00e4ttning<br \/>\n*Enligt m\u00e4tningar och rapporter fr\u00e5n BrainLits kunder<\/div>\n<div><\/div>\n<div>\n<h5 class=\"title kc-title\">F\u00f6r kontoret.<\/h5>\n<div class=\"desc\">Ge dina medarbetare personlig, optimal belysning under hela dagen, oavsett var de arbetar, vilket \u00f6kar engagemanget och v\u00e4lbefinnandet.<\/div>\n<\/div>\n<div><\/div>\n<div>\n<h5 class=\"title kc-title\">F\u00f6r h\u00e4lso- och \u00e4ldrev\u00e5rd.<\/h5>\n<div class=\"desc\">Ge b\u00e5de patienter och personal en b\u00e4ttre start p\u00e5 dagen med hj\u00e4lp av belysning som ger b\u00e4ttre s\u00f6mn, h\u00f6gre vakenhet och \u00f6kad kognitiv prestationsf\u00f6rm\u00e5ga.<\/div>\n<div><\/div>\n<\/div>\n<h5>Uppt\u00e4ck din rytm<\/h5>\n<p>AutoLit \u00e4r standardinst\u00e4llningen som \u00e4r utformad f\u00f6r att hj\u00e4lpa till att uppr\u00e4tth\u00e5lla din naturliga dygnsrytm. Boost ger ett ljus med h\u00f6gre intensitet som g\u00f6r att du k\u00e4nner dig piggare. Relax skapar en lugnare milj\u00f6 med ljus som k\u00e4nns mer neutralt f\u00f6r dina \u00f6gon.&#8221;<\/p>\n","protected":false},"excerpt":{"rendered":"<p>V\u00e5r frist\u00e5ende l\u00f6sning Alven g\u00f6r h\u00e4lsosam belysning tillg\u00e4nglig var du \u00e4n beh\u00f6ver den. Koppla bara in den och njut av ljuset, eller anv\u00e4nd appen f\u00f6r att ge dig sj\u00e4lv en boost. <\/p>\n","protected":false},"featured_media":5439,"comment_status":"closed","ping_status":"closed","template":"","meta":{"_acf_changed":false,"inline_featured_image":false},"product_brand":[282],"product_cat":[165,164],"product_tag":[178,167,184,183,166,177,237],"class_list":{"0":"post-5730","1":"product","2":"type-product","3":"status-publish","4":"has-post-thumbnail","6":"product_brand-brainlit-sv","7":"product_cat-belysning","8":"product_cat-kommersiell","9":"product_tag-anpassad","10":"product_tag-belysning","11":"product_tag-biocentrisk","12":"product_tag-dygnsrytm","13":"product_tag-hjarnan","14":"product_tag-kommersiell","15":"product_tag-kontakta-oss-for-offert","17":"first","18":"outofstock","19":"taxable","20":"shipping-taxable","21":"product-type-simple"},"acf":[],"_links":{"self":[{"href":"https:\/\/vetasapiens.com\/sv\/wp-json\/wp\/v2\/product\/5730","targetHints":{"allow":["GET"]}}],"collection":[{"href":"https:\/\/vetasapiens.com\/sv\/wp-json\/wp\/v2\/product"}],"about":[{"href":"https:\/\/vetasapiens.com\/sv\/wp-json\/wp\/v2\/types\/product"}],"replies":[{"embeddable":true,"href":"https:\/\/vetasapiens.com\/sv\/wp-json\/wp\/v2\/comments?post=5730"}],"wp:featuredmedia":[{"embeddable":true,"href":"https:\/\/vetasapiens.com\/sv\/wp-json\/wp\/v2\/media\/5439"}],"wp:attachment":[{"href":"https:\/\/vetasapiens.com\/sv\/wp-json\/wp\/v2\/media?parent=5730"}],"wp:term":[{"taxonomy":"product_brand","embeddable":true,"href":"https:\/\/vetasapiens.com\/sv\/wp-json\/wp\/v2\/product_brand?post=5730"},{"taxonomy":"product_cat","embeddable":true,"href":"https:\/\/vetasapiens.com\/sv\/wp-json\/wp\/v2\/product_cat?post=5730"},{"taxonomy":"product_tag","embeddable":true,"href":"https:\/\/vetasapiens.com\/sv\/wp-json\/wp\/v2\/product_tag?post=5730"}],"curies":[{"name":"wp","href":"https:\/\/api.w.org\/{rel}","templated":true}]}}