{"id":5731,"date":"2024-06-14T06:51:30","date_gmt":"2024-06-14T06:51:30","guid":{"rendered":"https:\/\/vetasapiens.com\/product\/elven-anpassad-biocentrisk-belysning\/"},"modified":"2025-02-27T15:51:55","modified_gmt":"2025-02-27T15:51:55","slug":"elven-anpassad-biocentrisk-belysning","status":"publish","type":"product","link":"https:\/\/vetasapiens.com\/sv\/produkt\/elven-anpassad-biocentrisk-belysning\/","title":{"rendered":"Elven &#8211; Anpassad biocentrisk belysning"},"content":{"rendered":"<p><strong>Utformad f\u00f6r varje milj\u00f6<\/strong><br \/>\nKundanpassade l\u00f6sningar fr\u00e5n BrainLit \u00e4r utformade efter dina behov och krav. Ljusdesignen anpassas till omgivningen och varje l\u00f6sning levereras med unika ljusrecept f\u00f6r anv\u00e4ndarna. <strong>Helt kundanpassad<\/strong><br \/>\nV\u00e5ra kundanpassade l\u00f6sningar inneh\u00e5ller fyra k\u00e4rnkomponenter; ljusrecept, ljusstyrningssystem, kringutrustning och armaturer. Varje l\u00f6sning \u00e4r helt unik och kan anv\u00e4ndas f\u00f6r olika \u00e4ndam\u00e5l, t.ex. f\u00f6r att <strong>\u00d6ka idrottsprestationer<\/strong><br \/>\nF\u00f6rb\u00e4ttra medarbetarnas produktivitet<br \/>\nF\u00f6rb\u00e4ttra h\u00e4lsa och s\u00f6mnkvalitet<br \/>\nV\u00e5ra egna ljusdesigners skapar en helt kundanpassad l\u00f6sning med en kombination av armaturer fr\u00e5n v\u00e5r portf\u00f6lj. <\/p>\n","protected":false},"excerpt":{"rendered":"<p>Elven \u00e4r en l\u00f6sning som skapar biocentrisk belysning i hela rum eller p\u00e5 specifika platser. L\u00e4tt att bygga ut och installera. <\/p>\n","protected":false},"featured_media":5432,"comment_status":"closed","ping_status":"closed","template":"","meta":{"_acf_changed":false,"inline_featured_image":false},"product_brand":[282],"product_cat":[165,164],"product_tag":[178,167,184,183,166,177,237,191],"class_list":{"0":"post-5731","1":"product","2":"type-product","3":"status-publish","4":"has-post-thumbnail","6":"product_brand-brainlit-sv","7":"product_cat-belysning","8":"product_cat-kommersiell","9":"product_tag-anpassad","10":"product_tag-belysning","11":"product_tag-biocentrisk","12":"product_tag-dygnsrytm","13":"product_tag-hjarnan","14":"product_tag-kommersiell","15":"product_tag-kontakta-oss-for-offert","16":"product_tag-professionell","18":"first","19":"outofstock","20":"taxable","21":"shipping-taxable","22":"product-type-simple"},"acf":[],"_links":{"self":[{"href":"https:\/\/vetasapiens.com\/sv\/wp-json\/wp\/v2\/product\/5731","targetHints":{"allow":["GET"]}}],"collection":[{"href":"https:\/\/vetasapiens.com\/sv\/wp-json\/wp\/v2\/product"}],"about":[{"href":"https:\/\/vetasapiens.com\/sv\/wp-json\/wp\/v2\/types\/product"}],"replies":[{"embeddable":true,"href":"https:\/\/vetasapiens.com\/sv\/wp-json\/wp\/v2\/comments?post=5731"}],"wp:featuredmedia":[{"embeddable":true,"href":"https:\/\/vetasapiens.com\/sv\/wp-json\/wp\/v2\/media\/5432"}],"wp:attachment":[{"href":"https:\/\/vetasapiens.com\/sv\/wp-json\/wp\/v2\/media?parent=5731"}],"wp:term":[{"taxonomy":"product_brand","embeddable":true,"href":"https:\/\/vetasapiens.com\/sv\/wp-json\/wp\/v2\/product_brand?post=5731"},{"taxonomy":"product_cat","embeddable":true,"href":"https:\/\/vetasapiens.com\/sv\/wp-json\/wp\/v2\/product_cat?post=5731"},{"taxonomy":"product_tag","embeddable":true,"href":"https:\/\/vetasapiens.com\/sv\/wp-json\/wp\/v2\/product_tag?post=5731"}],"curies":[{"name":"wp","href":"https:\/\/api.w.org\/{rel}","templated":true}]}}