{"id":5735,"date":"2024-06-11T12:47:01","date_gmt":"2024-06-11T12:47:01","guid":{"rendered":"https:\/\/vetasapiens.com\/product\/coolsaver-kondensat-c-60d\/"},"modified":"2025-02-27T15:51:41","modified_gmt":"2025-02-27T15:51:41","slug":"coolsaver-kondensat-c-60d","status":"publish","type":"product","link":"https:\/\/vetasapiens.com\/sv\/produkt\/coolsaver-kondensat-c-60d\/","title":{"rendered":"CoolSaver Kondens C-60D"},"content":{"rendered":"<h4>S\u00e4nk dina energikostnader och skapa en s\u00e4krare milj\u00f6.<\/h4>\n<p>Med CoolSaver blir milj\u00f6n i din frys torrare och mer optimal. Det leder till mindre isbildning och f\u00f6rl\u00e4nger frysenhetens livsl\u00e4ngd samt skapar en s\u00e4krare och mindre hal milj\u00f6 f\u00f6r din personal. V\u00e5ra l\u00f6sningar t\u00e4cker alla frysstorlekar och kapaciteter p\u00e5 ett icke-p\u00e5tr\u00e4ngande s\u00e4tt.<\/p>\n<p>&nbsp;<\/p>\n<h5>Spara pengar, arbetstimmar och underh\u00e5ll.<\/h5>\n<p>Mindre kondens leder till mindre isbildning, vilket i sin tur ger dig upp till 30 % energibesparing. Du f\u00e5r ocks\u00e5 en b\u00e4ttre<br \/>\nmilj\u00f6 med j\u00e4mnare temperatur och l\u00e4ngre livsl\u00e4ngd.<\/p>\n<ul>\n<li><strong>25-50% minskade kostnader f\u00f6r kyltekniker.<\/strong> Vi kan halvera antalet kylteknikertimmar.<\/li>\n<li><strong>20-50% minskade personal- och drift<\/strong><strong>skostnader.<\/strong> Vi tar bort is- och vattenproblemen i frysar och kylsk\u00e5p vilket resulterar i l\u00e4gre personal- och driftskostnader.<\/li>\n<li><strong>10-30% energibesparing.<\/strong> Vi s\u00e4kerst\u00e4ller energibesparingar p\u00e5 el f\u00f6r frysar, kylsk\u00e5p och luftkonditionering.<\/li>\n<\/ul>\n<p>&nbsp;<\/p>\n<table style=\"height: 74px;\" width=\"670\">\n<tbody>\n<tr>\n<td width=\"20\"><img loading=\"lazy\" decoding=\"async\" class=\"alignnone wp-image-5214\" src=\"https:\/\/vetasapiens.com\/wp-content\/uploads\/2024\/06\/RISE.png\" alt=\"\" width=\"50\" height=\"65\" \/><\/td>\n<td width=\"162\">Certifierad av det svenska statliga forskningsinstitutet (RISE)<\/td>\n<\/tr>\n<\/tbody>\n<\/table>\n<p>&nbsp;<\/p>\n","protected":false},"excerpt":{"rendered":"<p>Med CoolSaver blir milj\u00f6n i din frys torrare och mer optimal. Det leder till mindre isbildning och f\u00f6rl\u00e4nger frysenhetens livsl\u00e4ngd samt skapar en s\u00e4krare och mindre hal milj\u00f6 f\u00f6r din personal. V\u00e5ra l\u00f6sningar t\u00e4cker alla frysstorlekar och kapaciteter p\u00e5 ett icke-p\u00e5tr\u00e4ngande s\u00e4tt. Denna t\u00e4cker en luftkapacitet p\u00e5 20 kbm.<\/p>\n<ul>\n<li>25-50% minskade kostnader f\u00f6r kyltekniker.<\/li>\n<li>20-50% minskade personal- och driftskostnader<\/li>\n<li>10-30% energibesparing.<\/li>\n<\/ul>\n","protected":false},"featured_media":5379,"comment_status":"closed","ping_status":"closed","template":"","meta":{"_acf_changed":false,"inline_featured_image":false},"product_brand":[281],"product_cat":[164,192],"product_tag":[197,199,177,237,194,195,147],"class_list":{"0":"post-5735","1":"product","2":"type-product","3":"status-publish","4":"has-post-thumbnail","6":"product_brand-coolsaver-sv","7":"product_cat-kommersiell","8":"product_cat-losningar-for-kylning","9":"product_tag-coolsaver-sv","10":"product_tag-frys","11":"product_tag-kommersiell","12":"product_tag-kontakta-oss-for-offert","13":"product_tag-kylning","14":"product_tag-lagre-luftfuktighet","15":"product_tag-matavfall","17":"first","18":"outofstock","19":"taxable","20":"shipping-taxable","21":"purchasable","22":"product-type-simple"},"acf":[],"_links":{"self":[{"href":"https:\/\/vetasapiens.com\/sv\/wp-json\/wp\/v2\/product\/5735","targetHints":{"allow":["GET"]}}],"collection":[{"href":"https:\/\/vetasapiens.com\/sv\/wp-json\/wp\/v2\/product"}],"about":[{"href":"https:\/\/vetasapiens.com\/sv\/wp-json\/wp\/v2\/types\/product"}],"replies":[{"embeddable":true,"href":"https:\/\/vetasapiens.com\/sv\/wp-json\/wp\/v2\/comments?post=5735"}],"wp:featuredmedia":[{"embeddable":true,"href":"https:\/\/vetasapiens.com\/sv\/wp-json\/wp\/v2\/media\/5379"}],"wp:attachment":[{"href":"https:\/\/vetasapiens.com\/sv\/wp-json\/wp\/v2\/media?parent=5735"}],"wp:term":[{"taxonomy":"product_brand","embeddable":true,"href":"https:\/\/vetasapiens.com\/sv\/wp-json\/wp\/v2\/product_brand?post=5735"},{"taxonomy":"product_cat","embeddable":true,"href":"https:\/\/vetasapiens.com\/sv\/wp-json\/wp\/v2\/product_cat?post=5735"},{"taxonomy":"product_tag","embeddable":true,"href":"https:\/\/vetasapiens.com\/sv\/wp-json\/wp\/v2\/product_tag?post=5735"}],"curies":[{"name":"wp","href":"https:\/\/api.w.org\/{rel}","templated":true}]}}