{"id":5738,"date":"2024-06-10T13:02:54","date_gmt":"2024-06-10T13:02:54","guid":{"rendered":"https:\/\/vetasapiens.com\/product\/shelfy-forlanga-farskheten-pa-din-mat\/"},"modified":"2026-04-14T15:24:42","modified_gmt":"2026-04-14T15:24:42","slug":"shelfy-forlanga-farskheten-pa-din-mat","status":"publish","type":"product","link":"https:\/\/vetasapiens.com\/sv\/produkt\/shelfy-forlanga-farskheten-pa-din-mat\/","title":{"rendered":"Shelfy &#8211; Kylrenare"},"content":{"rendered":"<h4>En fr\u00e4schare kyl, utan att t\u00e4nka p\u00e5 det<\/h4>\n<div>\n<div class=\"paragraph-in-scc-markdown-text ___1ngh792 ftgm304 f1iaxwol\">\n<div>Shelfy \u00e4r liten med g\u00f6r stor skillnad i din kyl. Den optimerar luften runt dina r\u00e5varor och bromsar naturliga processer som p\u00e5skyndar \u00e5ldrande, som exponering f\u00f6r etylengas. Resultatet \u00e4r mat som h\u00e5ller l\u00e4ngre, smakar b\u00e4ttre och ger dig mer frihet i vardagen. <\/div>\n<div><\/div>\n<\/div>\n<\/div>\n<div><\/div>\n<div>\n<h5>Mer frihet, mindre svinn<\/h5>\n<div class=\"paragraph-in-scc-markdown-text ___1ngh792 ftgm304 f1iaxwol\">Vardagen ska inte handla om att kontrollera datum eller sl\u00e4nga bort mat. Shelfy hj\u00e4lper dig att bevara r\u00e5varor l\u00e4ngre, s\u00e5 att du kan fokusera p\u00e5 det som \u00e4r viktigt. Ett enkelt steg mot mindre matsvinn \u2013 och ett smart val f\u00f6r b\u00e5de pl\u00e5nbok och milj\u00f6.  <\/div>\n<div><\/div>\n<\/div>\n<div><\/div>\n<div>\n<h5>Teknik som f\u00f6renklar livet<\/h5>\n<div class=\"paragraph-in-scc-markdown-text ___1ngh792 ftgm304 f1iaxwol\">Med avancerad luftrening och intelligent kontroll stabiliserar Shelfy milj\u00f6n i din kyl och bromsar nedbrytningsprocesser. Du m\u00e4rker inte hur det fungerar \u2013 men du m\u00e4rker skillnaden varje g\u00e5ng du \u00f6ppnar kylsk\u00e5pet. <\/div>\n<\/div>\n<p>Shelfy \u00e4r en genomt\u00e4nkt uppgradering f\u00f6r ditt kylsk\u00e5p \u2013 en smart, l\u00e4ttsk\u00f6tt l\u00f6sning som f\u00f6rl\u00e4nger livsl\u00e4ngden p\u00e5 din mat, minskar svinn och h\u00e5ller kylen fr\u00e4sch och luktfri. <\/p>\n<p>&nbsp;<\/p>\n<h4>Shelfy g\u00f6r att din mat h\u00e5ller l\u00e4ngre<\/h4>\n<p>&nbsp;<\/p>\n<h5>Ett smartare liv f\u00f6r din mat<\/h5>\n<p>Med en avancerad fotokatalytisk kammare, f\u00f6rst\u00e4rkt med bl\u00e5 LED-belysning, neutraliserar Shelfy etylengas (som p\u00e5skyndar mognad), reducerar bakterier och svamp samt bryter ner flyktiga organiska \u00e4mnen. Resultatet: frukt och gr\u00f6nsaker h\u00e5ller sig fr\u00e4scha l\u00e4ngre, du f\u00e5r b\u00e4ttre anv\u00e4ndning av dina r\u00e5varor och minskar b\u00e5de svinn och kostnader \u00f6ver tid.  <\/p>\n<p>&nbsp;<\/p>\n<h5>Enkel anv\u00e4ndning \u2013 inga f\u00f6rbrukningsdelar<\/h5>\n<p>Du beh\u00f6ver inte k\u00f6pa eller byta filter. Shelfys filter \u00e4r tv\u00e4ttbart och designat f\u00f6r att h\u00e5lla i flera \u00e5r. Sk\u00f6lj det under vatten vid behov \u2013 klart.  <\/p>\n<p>&nbsp;<\/p>\n<h5>L\u00e5ng batteritid<\/h5>\n<p>Med ett kraftfullt batteri p\u00e5 10 400 mAh kan Shelfy Lite anv\u00e4ndas i cirka 3\u20134 veckor p\u00e5 en enda laddning, beroende p\u00e5 valt l\u00e4ge. Den laddas smidigt via USB-C, vilket g\u00f6r den b\u00e5de praktisk och energieffektiv. <\/p>\n","protected":false},"excerpt":{"rendered":"<p>M\u00f6t Shelfy \u2013 din kyls nya b\u00e4sta v\u00e4n.<br \/>Kompakt, effektiv och genomt\u00e4nkt designad f\u00f6r att h\u00e5lla maten fr\u00e4sch l\u00e4ngre genom att reducera bakterier, etylengas och o\u00f6nskade lukter.<br \/>Ladda den, tryck p\u00e5 knappen, placera den i kylen \u2013 resten sk\u00f6ter tekniken.<br \/>Inga appar, inga filter att byta. Bara smartare och mer h\u00e5llbar matf\u00f6rvaring.   <\/p>\n<p>&nbsp;<\/p>\n<ul>\n<li>F\u00f6rl\u00e4nger h\u00e5llbarheten p\u00e5 dina livsmedel<\/li>\n<li>Tar bort lukter<\/li>\n<li>Minskar bakteriebelastningen<\/li>\n<\/ul>\n","protected":false},"featured_media":15106,"comment_status":"open","ping_status":"closed","template":"","meta":{"_acf_changed":false,"inline_featured_image":false},"product_brand":[280],"product_cat":[386,139,140,351],"product_tag":[148,149,200,147,312,158,157],"class_list":{"0":"post-5738","1":"product","2":"type-product","3":"status-publish","4":"has-post-thumbnail","6":"product_brand-vitesy-sv","7":"product_cat-forvara","8":"product_cat-matavfall","9":"product_cat-produkter-for-hemmet","10":"product_cat-refood","11":"product_tag-hem","12":"product_tag-hushall","13":"product_tag-hylla","14":"product_tag-matavfall","15":"product_tag-refood-sv","16":"product_tag-renare","17":"product_tag-vitesy-sv","19":"first","20":"instock","21":"taxable","22":"shipping-taxable","23":"purchasable","24":"product-type-simple"},"acf":[],"_links":{"self":[{"href":"https:\/\/vetasapiens.com\/sv\/wp-json\/wp\/v2\/product\/5738","targetHints":{"allow":["GET"]}}],"collection":[{"href":"https:\/\/vetasapiens.com\/sv\/wp-json\/wp\/v2\/product"}],"about":[{"href":"https:\/\/vetasapiens.com\/sv\/wp-json\/wp\/v2\/types\/product"}],"replies":[{"embeddable":true,"href":"https:\/\/vetasapiens.com\/sv\/wp-json\/wp\/v2\/comments?post=5738"}],"wp:featuredmedia":[{"embeddable":true,"href":"https:\/\/vetasapiens.com\/sv\/wp-json\/wp\/v2\/media\/15106"}],"wp:attachment":[{"href":"https:\/\/vetasapiens.com\/sv\/wp-json\/wp\/v2\/media?parent=5738"}],"wp:term":[{"taxonomy":"product_brand","embeddable":true,"href":"https:\/\/vetasapiens.com\/sv\/wp-json\/wp\/v2\/product_brand?post=5738"},{"taxonomy":"product_cat","embeddable":true,"href":"https:\/\/vetasapiens.com\/sv\/wp-json\/wp\/v2\/product_cat?post=5738"},{"taxonomy":"product_tag","embeddable":true,"href":"https:\/\/vetasapiens.com\/sv\/wp-json\/wp\/v2\/product_tag?post=5738"}],"curies":[{"name":"wp","href":"https:\/\/api.w.org\/{rel}","templated":true}]}}