{"id":5740,"date":"2024-06-07T12:51:19","date_gmt":"2024-06-07T12:51:19","guid":{"rendered":"https:\/\/vetasapiens.com\/product\/coolsaver-frys\/"},"modified":"2026-02-09T07:32:25","modified_gmt":"2026-02-09T07:32:25","slug":"coolsaver-frys","status":"publish","type":"product","link":"https:\/\/vetasapiens.com\/sv\/produkt\/coolsaver-frys\/","title":{"rendered":"Less ice &#8211; F\u00f6r din frys"},"content":{"rendered":"<h4>Det enklaste s\u00e4ttet att \u00f6ka effektiviteten i din frys.<\/h4>\n<p>Placera bara CoolSaver i frysen s\u00e5 bildas det mindre is.<\/p>\n<p>&nbsp;<\/p>\n<h5>Hur det fungerar:<\/h5>\n<ul>\n<li>De 100% naturliga mineralerna minskar frostbildning genom att f\u00f6rhindra kondens innan den ackumuleras som is.<\/li>\n<li>Torr luft utan fukt \u00e4r mycket enklare att kyla \u00e4n fuktig luft. Det ger dig en energibesparing p\u00e5 otroliga 30%.<\/li>\n<\/ul>\n<p>&nbsp;<\/p>\n<h5>Snabb och enkel att anv\u00e4nda:<\/h5>\n<ol>\n<li>F\u00f6r b\u00e4st effekt var god avfrosta frysen innan du anv\u00e4nder CoolSaver f\u00f6r f\u00f6rsta g\u00e5ngen.<\/li>\n<li>Ta bort plastfilmen. Placera CoolSaver i uppr\u00e4tt position p\u00e5 den \u00f6versta hyllan i frysen <\/li>\n<li>Det \u00e4r det, nu kommer du att f\u00e5 mindre is p\u00e5 ett 100% naturligt s\u00e4tt. \u00c4r det inte fantastiskt? <\/li>\n<li>Efter cirka sex m\u00e5nader kommer din CoolSaver normalt att vara m\u00e4ttad. F\u00f6r att starta om produkten l\u00e4gg den i solen under en dag eller l\u00e4gg den i ugnen p\u00e5 50 grader i 2-3 timmar tills p\u00e5sen har torkat. Du har nu en en fullt rekonditionerad produkt med samma effekt som n\u00e4r den var ny.  <\/li>\n<\/ol>\n<p>&nbsp;<\/p>\n<p>Nu kan du anv\u00e4nda samma produkt i ditt kylsk\u00e5p som livsmedelsbutiker<br \/>\noch restauranger har anv\u00e4nt i \u00e5ratal f\u00f6r att minska matsvinn och energif\u00f6rbrukning.<\/p>\n","protected":false},"excerpt":{"rendered":"<p>Placera CoolSaver i frysen s\u00e5 f\u00e5r du mindre kondensation, vilket leder till mindre isbildning och i sin tur ger dig upp till 30 % energibesparing. Du f\u00e5r ocks\u00e5 en b\u00e4ttre milj\u00f6 med en j\u00e4mnare temperatur och \u00f6kad h\u00e5llbarhet. <\/p>\n<ul>\n<li>Mindre is<\/li>\n<li>Upp till 30% energibesparing<\/li>\n<\/ul>\n","protected":false},"featured_media":11270,"comment_status":"closed","ping_status":"closed","template":"","meta":{"_acf_changed":false,"inline_featured_image":false},"product_brand":[281],"product_cat":[139,140,351],"product_tag":[203,197,199,148,149,204,202,312],"class_list":{"0":"post-5740","1":"product","2":"type-product","3":"status-publish","4":"has-post-thumbnail","6":"product_brand-coolsaver-sv","7":"product_cat-matavfall","8":"product_cat-produkter-for-hemmet","9":"product_cat-refood","10":"product_tag-100-sv","11":"product_tag-coolsaver-sv","12":"product_tag-frys","13":"product_tag-hem","14":"product_tag-hushall","15":"product_tag-mindre-is","16":"product_tag-organisk","17":"product_tag-refood-sv","19":"first","20":"instock","21":"featured","22":"taxable","23":"shipping-taxable","24":"purchasable","25":"product-type-simple"},"acf":[],"_links":{"self":[{"href":"https:\/\/vetasapiens.com\/sv\/wp-json\/wp\/v2\/product\/5740","targetHints":{"allow":["GET"]}}],"collection":[{"href":"https:\/\/vetasapiens.com\/sv\/wp-json\/wp\/v2\/product"}],"about":[{"href":"https:\/\/vetasapiens.com\/sv\/wp-json\/wp\/v2\/types\/product"}],"replies":[{"embeddable":true,"href":"https:\/\/vetasapiens.com\/sv\/wp-json\/wp\/v2\/comments?post=5740"}],"wp:featuredmedia":[{"embeddable":true,"href":"https:\/\/vetasapiens.com\/sv\/wp-json\/wp\/v2\/media\/11270"}],"wp:attachment":[{"href":"https:\/\/vetasapiens.com\/sv\/wp-json\/wp\/v2\/media?parent=5740"}],"wp:term":[{"taxonomy":"product_brand","embeddable":true,"href":"https:\/\/vetasapiens.com\/sv\/wp-json\/wp\/v2\/product_brand?post=5740"},{"taxonomy":"product_cat","embeddable":true,"href":"https:\/\/vetasapiens.com\/sv\/wp-json\/wp\/v2\/product_cat?post=5740"},{"taxonomy":"product_tag","embeddable":true,"href":"https:\/\/vetasapiens.com\/sv\/wp-json\/wp\/v2\/product_tag?post=5740"}],"curies":[{"name":"wp","href":"https:\/\/api.w.org\/{rel}","templated":true}]}}