{"id":5741,"date":"2024-06-07T12:49:14","date_gmt":"2024-06-07T12:49:14","guid":{"rendered":"https:\/\/vetasapiens.com\/product\/coolsaver-kylskap\/"},"modified":"2026-02-09T07:33:49","modified_gmt":"2026-02-09T07:33:49","slug":"coolsaver-kylskap","status":"publish","type":"product","link":"https:\/\/vetasapiens.com\/sv\/produkt\/coolsaver-kylskap\/","title":{"rendered":"Double lifetime &#8211; L\u00f6sning f\u00f6r kylen"},"content":{"rendered":"<h4>Minska d\u00e5lig lukt och m\u00f6gel<\/h4>\n<p>Minska fukten i din kyl samtidigt som minskar den &#8221;osynliga fienden&#8221; etylengas fr\u00e5n att g\u00f6ra dina frukt och gr\u00f6nsaker d\u00e5liga. Minska matsvinnet och spara energi p\u00e5 samma g\u00e5ng. <\/p>\n<p>Med CoolSaver h\u00e5ller sig dina gr\u00f6nsaker f\u00e4rska l\u00e4ngre genom en helt naturlig process. Zeolit mineraler absorberar <\/p>\n<p>Placera bara CoolSaver i kylsk\u00e5pet f\u00f6r att aktivera dess f\u00f6rdelar.<\/p>\n<p>&nbsp;<\/p>\n<h5>Snabb och enkel att anv\u00e4nda:<\/h5>\n<ol>\n<li>Avl\u00e4gsna plasten runt produkten.<\/li>\n<li>Placera din CoolSaver i uppr\u00e4tt l\u00e4ge i toppen av frysen eller i fruktl\u00e5dan.<\/li>\n<li>Fr\u00e5n och med nu kommer du att ha l\u00e4ngre h\u00e5llbarhet p\u00e5 dina gr\u00f6nsaker och mindre lukt i kylsk\u00e5pet.<\/li>\n<li>Efter cirka sex m\u00e5nader kommer din CoolSaver normalt att vara m\u00e4ttad. F\u00f6r att starta om produkten l\u00e4gg den i solen under en dag eller l\u00e4gg den i ugnen p\u00e5 50 grader i 2-3 timmar tills p\u00e5sen har torkat. Du har nu en en fullt rekonditionerad produkt med samma effekt som n\u00e4r den var ny.  <\/li>\n<\/ol>\n<p>&nbsp;<\/p>\n<h5>F\u00f6rdubbla h\u00e5llbarheten f\u00f6r frukt, gr\u00f6nsaker och blommor.<\/h5>\n<ul>\n<li>Minskar matsvinnet<\/li>\n<li>Minskar d\u00e5lig lukt<\/li>\n<li>Minskar m\u00f6geltillv\u00e4xt<\/li>\n<li>Minskar elf\u00f6rbrukningen<\/li>\n<\/ul>\n","protected":false},"excerpt":{"rendered":"<p>F\u00f6rdubbla livsl\u00e4ngden p\u00e5 dina frukter och gr\u00f6nsaker med 100 % naturliga mineraler.<\/p>\n<ul>\n<li>Minskar matsvinnet<\/li>\n<li>Minskar d\u00e5lig lukt<\/li>\n<li>Minskar m\u00f6geltillv\u00e4xt<\/li>\n<li>Minskar elf\u00f6rbrukningen<\/li>\n<\/ul>\n","protected":false},"featured_media":11258,"comment_status":"closed","ping_status":"closed","template":"","meta":{"_acf_changed":false,"inline_featured_image":false},"product_brand":[281],"product_cat":[139,140,351],"product_tag":[203,207,206,205,148,149,196,202,312],"class_list":{"0":"post-5741","1":"product","2":"type-product","3":"status-publish","4":"has-post-thumbnail","6":"product_brand-coolsaver-sv","7":"product_cat-matavfall","8":"product_cat-produkter-for-hemmet","9":"product_cat-refood","10":"product_tag-100-sv","11":"product_tag-dubbel-livstid","12":"product_tag-energiforbrukning","13":"product_tag-gronsak","14":"product_tag-hem","15":"product_tag-hushall","16":"product_tag-kylskap","17":"product_tag-organisk","18":"product_tag-refood-sv","20":"first","21":"instock","22":"featured","23":"taxable","24":"shipping-taxable","25":"purchasable","26":"product-type-simple"},"acf":[],"_links":{"self":[{"href":"https:\/\/vetasapiens.com\/sv\/wp-json\/wp\/v2\/product\/5741","targetHints":{"allow":["GET"]}}],"collection":[{"href":"https:\/\/vetasapiens.com\/sv\/wp-json\/wp\/v2\/product"}],"about":[{"href":"https:\/\/vetasapiens.com\/sv\/wp-json\/wp\/v2\/types\/product"}],"replies":[{"embeddable":true,"href":"https:\/\/vetasapiens.com\/sv\/wp-json\/wp\/v2\/comments?post=5741"}],"wp:featuredmedia":[{"embeddable":true,"href":"https:\/\/vetasapiens.com\/sv\/wp-json\/wp\/v2\/media\/11258"}],"wp:attachment":[{"href":"https:\/\/vetasapiens.com\/sv\/wp-json\/wp\/v2\/media?parent=5741"}],"wp:term":[{"taxonomy":"product_brand","embeddable":true,"href":"https:\/\/vetasapiens.com\/sv\/wp-json\/wp\/v2\/product_brand?post=5741"},{"taxonomy":"product_cat","embeddable":true,"href":"https:\/\/vetasapiens.com\/sv\/wp-json\/wp\/v2\/product_cat?post=5741"},{"taxonomy":"product_tag","embeddable":true,"href":"https:\/\/vetasapiens.com\/sv\/wp-json\/wp\/v2\/product_tag?post=5741"}],"curies":[{"name":"wp","href":"https:\/\/api.w.org\/{rel}","templated":true}]}}