{"id":5742,"date":"2024-06-07T12:40:45","date_gmt":"2024-06-07T12:40:45","guid":{"rendered":"https:\/\/vetasapiens.com\/product\/coolsaver-etylen-e-60\/"},"modified":"2025-04-22T12:02:33","modified_gmt":"2025-04-22T12:02:33","slug":"coolsaver-etylen-e-60","status":"publish","type":"product","link":"https:\/\/vetasapiens.com\/sv\/produkt\/coolsaver-etylen-e-60\/","title":{"rendered":"Ethylene E-60"},"content":{"rendered":"<h4>F\u00f6rdubbla h\u00e5llbarheten f\u00f6r frukt, gr\u00f6nsaker och blommor.<\/h4>\n<p>Med CoolSaver h\u00e5ller sig dina gr\u00f6nsaker f\u00e4rska l\u00e4ngre genom en helt naturlig process. Zeolit mineraler absorberar <\/p>\n<h5>Vi har en l\u00f6sning f\u00f6r alla kylsk\u00e5psstorlekar och -kapaciteter.<\/h5>\n<ul>\n<li>Minskar matsvinnet<\/li>\n<li>Minskar d\u00e5lig lukt<\/li>\n<li>Minskar m\u00f6geltillv\u00e4xt<\/li>\n<li>Minskar elf\u00f6rbrukningen<\/li>\n<\/ul>\n<p>&nbsp;<\/p>\n<h5>Spara pengar, arbetstimmar och underh\u00e5ll.<\/h5>\n<p>Minskad kondensation leder till att mindre is bildas vilket i sin tur ger dig upp till 30% energibesparing. Du kommer ocks\u00e5 f\u00e5 en b\u00e4ttre mer j\u00e4mn temperatur samt \u00f6kad livsl\u00e4ngd av din frys. <\/p>\n<ul>\n<li><strong>25-50% Minskad kostnad f\u00f6r kyltekniker.<\/strong>  Vi kan halvera antalet kylteknikertimmar.<\/li>\n<li><strong>20-50% Minskade personal- och driftskostnader.<\/strong>  Vi tar bort is- och vattenproblemen i frysar och kylar vilket ger l\u00e4gre kostnader f\u00f6r personal och drift.<\/li>\n<li><strong>10-30% energibesparing.<\/strong>  Vi s\u00e4kerst\u00e4ller energibesparingar p\u00e5 el f\u00f6r frysar, kylsk\u00e5p och luftkonditionering.<\/li>\n<\/ul>\n<p>&nbsp;<\/p>\n<table style=\"height: 74px;\" width=\"670\">\n<tbody>\n<tr>\n<td width=\"20\"><img loading=\"lazy\" decoding=\"async\" class=\"alignnone wp-image-5214\" src=\"https:\/\/vetasapiens.com\/wp-content\/uploads\/2024\/06\/RISE.png\" alt=\"\" width=\"50\" height=\"65\"><\/td>\n<td width=\"162\">Certifierad av det svenska statliga forskningsinstitutet (RISE)<\/td>\n<\/tr>\n<\/tbody>\n<\/table>\n<p>&nbsp;<\/p>\n","protected":false},"excerpt":{"rendered":"<p dir=\"ltr\" data-placeholder=\"Translation\">Denna CoolSaver anv\u00e4nds i st\u00f6rre utrymmen d\u00e4r det finns installationer p\u00e5 20 kubikmeter luft och det finns etylenproblem i kombination med kondens. Till exempel gr\u00f6nsaks- och fruktkylar. <\/p>\n<ul>\n<li>Eliminerar eller minskar tillv\u00e4xten av virus, bakterier och m\u00f6gel<\/li>\n<li>Tar bort lukter<\/li>\n<li>Minskar kondensbildning<\/li>\n<\/ul>\n","protected":false},"featured_media":5377,"comment_status":"closed","ping_status":"closed","template":"","meta":{"_acf_changed":false,"inline_featured_image":false},"product_brand":[281],"product_cat":[164,192],"product_tag":[197,193,177,237,194,196,195,147],"class_list":{"0":"post-5742","1":"product","2":"type-product","3":"status-publish","4":"has-post-thumbnail","6":"product_brand-coolsaver-sv","7":"product_cat-kommersiell","8":"product_cat-losningar-for-kylning","9":"product_tag-coolsaver-sv","10":"product_tag-eten","11":"product_tag-kommersiell","12":"product_tag-kontakta-oss-for-offert","13":"product_tag-kylning","14":"product_tag-kylskap","15":"product_tag-lagre-luftfuktighet","16":"product_tag-matavfall","18":"first","19":"outofstock","20":"taxable","21":"shipping-taxable","22":"purchasable","23":"product-type-simple"},"acf":[],"_links":{"self":[{"href":"https:\/\/vetasapiens.com\/sv\/wp-json\/wp\/v2\/product\/5742","targetHints":{"allow":["GET"]}}],"collection":[{"href":"https:\/\/vetasapiens.com\/sv\/wp-json\/wp\/v2\/product"}],"about":[{"href":"https:\/\/vetasapiens.com\/sv\/wp-json\/wp\/v2\/types\/product"}],"replies":[{"embeddable":true,"href":"https:\/\/vetasapiens.com\/sv\/wp-json\/wp\/v2\/comments?post=5742"}],"wp:featuredmedia":[{"embeddable":true,"href":"https:\/\/vetasapiens.com\/sv\/wp-json\/wp\/v2\/media\/5377"}],"wp:attachment":[{"href":"https:\/\/vetasapiens.com\/sv\/wp-json\/wp\/v2\/media?parent=5742"}],"wp:term":[{"taxonomy":"product_brand","embeddable":true,"href":"https:\/\/vetasapiens.com\/sv\/wp-json\/wp\/v2\/product_brand?post=5742"},{"taxonomy":"product_cat","embeddable":true,"href":"https:\/\/vetasapiens.com\/sv\/wp-json\/wp\/v2\/product_cat?post=5742"},{"taxonomy":"product_tag","embeddable":true,"href":"https:\/\/vetasapiens.com\/sv\/wp-json\/wp\/v2\/product_tag?post=5742"}],"curies":[{"name":"wp","href":"https:\/\/api.w.org\/{rel}","templated":true}]}}